{"id":275,"date":"2025-05-13T17:08:50","date_gmt":"2025-05-13T17:08:50","guid":{"rendered":"https:\/\/halltech.webstaging.ca\/?page_id=275"},"modified":"2025-05-13T17:41:56","modified_gmt":"2025-05-13T17:41:56","slug":"construction-laminating","status":"publish","type":"page","link":"https:\/\/halltech.webstaging.ca\/fr\/our-products\/industry-expertise\/construction-laminating\/","title":{"rendered":"Construction et laminage"},"content":{"rendered":"<h2 class=\"wp-block-heading has-bootstrap-primary-color has-text-color has-link-color wp-elements-b7b44bc7e4e0a4a6a2985513e26cb95f\">Halltech Inc. \u2013 Am\u00e9lioration de la construction et du laminage gr\u00e2ce \u00e0 des \u00e9mulsions polym\u00e8res haute performance<\/h2>\n\n\n\n<p>Dans le monde en constante \u00e9volution de la construction et du laminage, durabilit\u00e9, flexibilit\u00e9 et fiabilit\u00e9 sont primordiales. Les produits Halltech Inc. sont sp\u00e9cialement formul\u00e9s. <strong>\u00e9mulsions de polym\u00e8res<\/strong> sont con\u00e7ues pour am\u00e9liorer l&#039;int\u00e9grit\u00e9 structurelle, l&#039;adh\u00e9rence et la r\u00e9sistance aux intemp\u00e9ries dans un large \u00e9ventail d&#039;applications. Qu&#039;il s&#039;agisse de renforcer les mat\u00e9riaux de construction ou d&#039;am\u00e9liorer les proc\u00e9d\u00e9s de stratification, nos \u00e9mulsions offrent <strong>force de liaison sup\u00e9rieure, r\u00e9sistance \u00e0 l&#039;humidit\u00e9 et durabilit\u00e9<\/strong>, garantissant des performances durables.<\/p>\n\n\n\n<h3 class=\"wp-block-heading has-bootstrap-primary-color has-text-color has-link-color wp-elements-50c33e35dcce0a421a1ca4b92908b46a\"><strong>Am\u00e9lioration de l&#039;adh\u00e9rence structurelle et des rev\u00eatements<\/strong><\/h3>\n\n\n\n<p>Demande de mat\u00e9riaux de construction <strong>adh\u00e9rence et flexibilit\u00e9 exceptionnelles<\/strong> pour r\u00e9sister \u00e0 des conditions environnementales variables. Halltech <strong>\u00e9mulsions de polym\u00e8res<\/strong> sont d\u00e9velopp\u00e9s pour s&#039;int\u00e9grer parfaitement aux rev\u00eatements, mastics et adh\u00e9sifs utilis\u00e9s dans les structures architecturales. Avec des performances exceptionnelles <strong>r\u00e9sistance \u00e0 l&#039;eau, durabilit\u00e9 et flexibilit\u00e9<\/strong>, nos \u00e9mulsions assurent une liaison fiable, emp\u00eachant la fissuration et la d\u00e9gradation au fil du temps.<\/p>\n\n\n\n<h3 class=\"wp-block-heading has-bootstrap-primary-color has-text-color has-link-color wp-elements-6bc4845c982e9f1ecafb7d2ad4a8e312\"><strong>Performances de plastification optimis\u00e9es<\/strong><\/h3>\n\n\n\n<p>Applications de laminage, que ce soit pour <strong>panneaux de construction, rev\u00eatements de sol ou structures composites<\/strong>, exiger <strong>adh\u00e9sifs et rev\u00eatements hautes performances<\/strong>. Halltech <strong>\u00e9mulsions de polym\u00e8res<\/strong> sont con\u00e7us pour offrir <strong>forte adh\u00e9rence aux substrats tels que le bois, le papier, les textiles et les composites<\/strong>, cr\u00e9ant <strong>finitions lisses, durables et r\u00e9sistantes<\/strong> qui prot\u00e8gent contre les facteurs de stress environnementaux.<\/p>\n\n\n\n<h3 class=\"wp-block-heading has-bootstrap-primary-color has-text-color has-link-color wp-elements-07f2e4589529918580b898e854304ea6\"><strong>Principaux avantages pour les applications de construction et de laminage\u00a0:<\/strong><\/h3>\n\n\n\n<ul class=\"wp-block-list\">\n<li><strong>Adh\u00e9rence sup\u00e9rieure :<\/strong> Assure une liaison solide entre les mat\u00e9riaux pour une durabilit\u00e9 \u00e0 long terme.<\/li>\n\n\n\n<li><strong>R\u00e9sistance am\u00e9lior\u00e9e \u00e0 l&#039;eau et aux produits chimiques :<\/strong> Prot\u00e8ge contre l&#039;infiltration d&#039;humidit\u00e9, pr\u00e9venant ainsi la d\u00e9t\u00e9rioration.<\/li>\n\n\n\n<li><strong>Flexibilit\u00e9 et force am\u00e9lior\u00e9es\u00a0:<\/strong> Minimise les fissures, offrant une r\u00e9silience dans des conditions dynamiques.<\/li>\n\n\n\n<li><strong>Formules \u00e9cologiques :<\/strong> Des options \u00e0 faible teneur en COV et durables disponibles pour des applications plus \u00e9cologiques.<\/li>\n<\/ul>\n\n\n\n<p>Chez Halltech Inc., nous nous engageons \u00e0 <strong>faire progresser la science des mat\u00e9riaux<\/strong> et livrer <strong>solutions polym\u00e8res innovantes<\/strong> qui am\u00e9liorent la qualit\u00e9 et la performance des applications de construction et de laminage. Notre expertise, combin\u00e9e \u00e0 notre engagement envers le d\u00e9veloppement durable, garantit aux fabricants, aux constructeurs et aux ing\u00e9nieurs <strong>des solutions sur mesure de haute qualit\u00e9<\/strong> pour leurs besoins.<\/p>\n\n\n\n<p>D\u00e9couvrez comment les \u00e9mulsions polym\u00e8res de Halltech Inc. peuvent <strong>transformez vos processus de construction et de laminage<\/strong>\u2014offrant une r\u00e9sistance, une efficacit\u00e9 et une fiabilit\u00e9 durables pour les applications modernes.<\/p>","protected":false},"excerpt":{"rendered":"<p>Halltech Inc. \u2013 Advancing Construction &amp; Laminating with High-Performance Polymer Emulsions In the ever-evolving world of construction and laminating, durability, flexibility, and reliability are paramount. Halltech Inc.&#8217;s specially formulated polymer emulsions are designed to enhance structural integrity, adhesion, and environmental resistance across a wide range of applications. Whether reinforcing building materials or improving laminating processes, &hellip; <a href=\"https:\/\/halltech.webstaging.ca\/fr\/our-products\/industry-expertise\/construction-laminating\/\">Continued<\/a><\/p>","protected":false},"author":1,"featured_media":0,"parent":22,"menu_order":0,"comment_status":"closed","ping_status":"closed","template":"","meta":{"_acf_changed":false,"footnotes":""},"class_list":["post-275","page","type-page","status-publish","hentry"],"acf":[],"_links":{"self":[{"href":"https:\/\/halltech.webstaging.ca\/fr\/wp-json\/wp\/v2\/pages\/275","targetHints":{"allow":["GET"]}}],"collection":[{"href":"https:\/\/halltech.webstaging.ca\/fr\/wp-json\/wp\/v2\/pages"}],"about":[{"href":"https:\/\/halltech.webstaging.ca\/fr\/wp-json\/wp\/v2\/types\/page"}],"author":[{"embeddable":true,"href":"https:\/\/halltech.webstaging.ca\/fr\/wp-json\/wp\/v2\/users\/1"}],"replies":[{"embeddable":true,"href":"https:\/\/halltech.webstaging.ca\/fr\/wp-json\/wp\/v2\/comments?post=275"}],"version-history":[{"count":3,"href":"https:\/\/halltech.webstaging.ca\/fr\/wp-json\/wp\/v2\/pages\/275\/revisions"}],"predecessor-version":[{"id":292,"href":"https:\/\/halltech.webstaging.ca\/fr\/wp-json\/wp\/v2\/pages\/275\/revisions\/292"}],"up":[{"embeddable":true,"href":"https:\/\/halltech.webstaging.ca\/fr\/wp-json\/wp\/v2\/pages\/22"}],"wp:attachment":[{"href":"https:\/\/halltech.webstaging.ca\/fr\/wp-json\/wp\/v2\/media?parent=275"}],"curies":[{"name":"wp","href":"https:\/\/api.w.org\/{rel}","templated":true}]}}