{"id":273,"date":"2025-05-13T17:08:24","date_gmt":"2025-05-13T17:08:24","guid":{"rendered":"https:\/\/halltech.webstaging.ca\/?page_id=273"},"modified":"2025-05-13T17:38:33","modified_gmt":"2025-05-13T17:38:33","slug":"envelope","status":"publish","type":"page","link":"https:\/\/halltech.webstaging.ca\/fr\/our-products\/industry-expertise\/envelope\/","title":{"rendered":"Enveloppe"},"content":{"rendered":"<h2 class=\"wp-block-heading has-bootstrap-primary-color has-text-color has-link-color wp-elements-6f368307c9b101acf448a0df5b2724e9\"><strong>Am\u00e9lioration des performances de l&#039;enveloppe gr\u00e2ce aux \u00e9mulsions polym\u00e8res Halltech<\/strong><\/h2>\n\n\n\n<p>Les enveloppes peuvent para\u00eetre simples, mais leur fabrication exige une attention particuli\u00e8re \u00e0 la durabilit\u00e9, \u00e0 la flexibilit\u00e9 et \u00e0 l&#039;adh\u00e9rence. Qu&#039;elles soient destin\u00e9es \u00e0 l&#039;envoi postal, \u00e0 l&#039;emballage ou \u00e0 des applications sp\u00e9cialis\u00e9es, les enveloppes doivent r\u00e9sister aux manipulations, aux conditions environnementales et aux exigences des proc\u00e9d\u00e9s d&#039;impression. Les \u00e9mulsions polym\u00e8res haute performance de Halltech Inc. offrent des solutions essentielles pour am\u00e9liorer la fonctionnalit\u00e9 et la qualit\u00e9 de la fabrication des enveloppes.<\/p>\n\n\n\n<h3 class=\"wp-block-heading has-bootstrap-primary-color has-text-color has-link-color wp-elements-3beb209b08c07e3e6bfb86d102055bc5\"><strong>Adh\u00e9rence avanc\u00e9e pour une \u00e9tanch\u00e9it\u00e9 s\u00e9curis\u00e9e<\/strong><\/h3>\n\n\n\n<p>L&#039;un des aspects les plus importants d&#039;une enveloppe est sa capacit\u00e9 \u00e0 se fermer parfaitement. Les \u00e9mulsions polym\u00e8res Halltech sont sp\u00e9cialement formul\u00e9es pour am\u00e9liorer l&#039;adh\u00e9rence, garantissant une liaison solide entre les surfaces de papier sans compromettre la flexibilit\u00e9. Ces \u00e9mulsions \u00e0 base d&#039;eau offrent un s\u00e9chage rapide, un tack \u00e9lev\u00e9 et une forte adh\u00e9rence sur divers supports, ce qui les rend id\u00e9ales pour les adh\u00e9sifs gomm\u00e9s, les fermetures sensibles \u00e0 la pression et les applications auto-adh\u00e9sives.<\/p>\n\n\n\n<h3 class=\"wp-block-heading has-bootstrap-primary-color has-text-color has-link-color wp-elements-bc7ea614cee58e2cb74ce9d38de09f9d\"><strong>Rev\u00eatement optimis\u00e9 pour l&#039;imprimabilit\u00e9 et la protection<\/strong><\/h3>\n\n\n\n<p>Les enveloppes n\u00e9cessitent souvent des rev\u00eatements sp\u00e9ciaux pour am\u00e9liorer l&#039;imprimabilit\u00e9, augmenter la durabilit\u00e9 et prot\u00e9ger contre les intemp\u00e9ries. Les \u00e9mulsions polym\u00e8res de Halltech peuvent \u00eatre int\u00e9gr\u00e9es aux rev\u00eatements des enveloppes pour obtenir des finitions lisses et uniformes qui am\u00e9liorent l&#039;absorption de l&#039;encre et pr\u00e9viennent les bavures. De plus, ces rev\u00eatements offrent des propri\u00e9t\u00e9s de r\u00e9sistance \u00e0 l&#039;eau et aux graisses, garantissant ainsi l&#039;int\u00e9grit\u00e9 des enveloppes m\u00eame dans des conditions difficiles.<\/p>\n\n\n\n<h3 class=\"wp-block-heading has-bootstrap-primary-color has-text-color has-link-color wp-elements-dc1ca23643ee9d28d68fbb502f84acc1\"><strong>Solutions durables et \u00e9cologiques<\/strong><\/h3>\n\n\n\n<p>Halltech Inc. s&#039;engage en faveur du d\u00e9veloppement durable en proposant des \u00e9mulsions polym\u00e8res qui contribuent \u00e0 une fabrication d&#039;enveloppes respectueuse de l&#039;environnement. Ces formules \u00e0 base d&#039;eau r\u00e9duisent le recours aux solvants, diminuent les \u00e9missions de COV et favorisent la production de papier recyclable et biod\u00e9gradable. Gr\u00e2ce aux \u00e9mulsions innovantes de Halltech, les fabricants peuvent respecter les normes \u00e9cologiques tout en proposant des enveloppes haute performance aux particuliers comme aux entreprises.<\/p>\n\n\n\n<h3 class=\"wp-block-heading has-bootstrap-primary-color has-text-color has-link-color wp-elements-1fc7d603c43ed507c46671dde92f8ef9\"><strong>Des performances fiables sur toutes les applications<\/strong><\/h3>\n\n\n\n<p>Des enveloppes postales standard aux solutions d&#039;emballage haute r\u00e9sistance, les \u00e9mulsions polym\u00e8res Halltech offrent homog\u00e9n\u00e9it\u00e9 et durabilit\u00e9 \u00e0 de nombreuses gammes de produits. Leur polyvalence garantit leur compatibilit\u00e9 avec divers papiers et techniques de production, permettant aux fabricants d&#039;optimiser leur efficacit\u00e9 tout en maintenant la qualit\u00e9.<\/p>\n\n\n\n<p>L&#039;expertise de Halltech Inc. en \u00e9mulsions polym\u00e8res permet aux fabricants d&#039;enveloppes d&#039;acc\u00e9der \u00e0 des formules de pointe con\u00e7ues pour am\u00e9liorer l&#039;adh\u00e9rence, la protection et la durabilit\u00e9. En int\u00e9grant les solutions avanc\u00e9es de Halltech, les entreprises peuvent am\u00e9liorer leurs produits et leurs processus, enveloppe par enveloppe.<\/p>","protected":false},"excerpt":{"rendered":"<p>Enhancing Envelope Performance with Halltech Polymer Emulsions Envelopes may seem like a simple product, but their construction requires careful consideration of durability, flexibility, and adhesion. Whether for mailing, packaging, or specialty applications, envelopes must withstand handling, environmental conditions, and the demands of printing processes. Halltech Inc.&#8217;s high-performance polymer emulsions provide essential solutions to improve the &hellip; <a href=\"https:\/\/halltech.webstaging.ca\/fr\/our-products\/industry-expertise\/envelope\/\">Continued<\/a><\/p>","protected":false},"author":1,"featured_media":0,"parent":22,"menu_order":0,"comment_status":"closed","ping_status":"closed","template":"","meta":{"_acf_changed":false,"footnotes":""},"class_list":["post-273","page","type-page","status-publish","hentry"],"acf":[],"_links":{"self":[{"href":"https:\/\/halltech.webstaging.ca\/fr\/wp-json\/wp\/v2\/pages\/273","targetHints":{"allow":["GET"]}}],"collection":[{"href":"https:\/\/halltech.webstaging.ca\/fr\/wp-json\/wp\/v2\/pages"}],"about":[{"href":"https:\/\/halltech.webstaging.ca\/fr\/wp-json\/wp\/v2\/types\/page"}],"author":[{"embeddable":true,"href":"https:\/\/halltech.webstaging.ca\/fr\/wp-json\/wp\/v2\/users\/1"}],"replies":[{"embeddable":true,"href":"https:\/\/halltech.webstaging.ca\/fr\/wp-json\/wp\/v2\/comments?post=273"}],"version-history":[{"count":2,"href":"https:\/\/halltech.webstaging.ca\/fr\/wp-json\/wp\/v2\/pages\/273\/revisions"}],"predecessor-version":[{"id":289,"href":"https:\/\/halltech.webstaging.ca\/fr\/wp-json\/wp\/v2\/pages\/273\/revisions\/289"}],"up":[{"embeddable":true,"href":"https:\/\/halltech.webstaging.ca\/fr\/wp-json\/wp\/v2\/pages\/22"}],"wp:attachment":[{"href":"https:\/\/halltech.webstaging.ca\/fr\/wp-json\/wp\/v2\/media?parent=273"}],"curies":[{"name":"wp","href":"https:\/\/api.w.org\/{rel}","templated":true}]}}