{"id":271,"date":"2025-05-13T17:08:05","date_gmt":"2025-05-13T17:08:05","guid":{"rendered":"https:\/\/halltech.webstaging.ca\/?page_id=271"},"modified":"2025-05-13T17:36:46","modified_gmt":"2025-05-13T17:36:46","slug":"paper-converting","status":"publish","type":"page","link":"https:\/\/halltech.webstaging.ca\/fr\/our-products\/industry-expertise\/paper-converting\/","title":{"rendered":"Conversion de papier"},"content":{"rendered":"<h2 class=\"wp-block-heading has-bootstrap-primary-color has-text-color has-link-color wp-elements-4601e745f7dfa2f6f13d1eab444e18be\">Am\u00e9lioration de la conversion du papier gr\u00e2ce \u00e0 des \u00e9mulsions polym\u00e8res haute performance<\/h2>\n\n\n\n<p>Dans le monde en constante \u00e9volution de la transformation du papier, la durabilit\u00e9, la flexibilit\u00e9 et une imprimabilit\u00e9 sup\u00e9rieure sont essentielles pour r\u00e9pondre aux exigences de l&#039;industrie. Les \u00e9mulsions polym\u00e8res sp\u00e9cialement formul\u00e9es de Halltech Inc. offrent des avantages de performance essentiels aux transformateurs de papier, permettant la production de produits en papier fonctionnels et de haute qualit\u00e9 qui se d\u00e9marquent sur un march\u00e9 concurrentiel.<\/p>\n\n\n\n<h3 class=\"wp-block-heading has-bootstrap-primary-color has-text-color has-link-color wp-elements-1f3ed686b4c291b0e2ef9be552979dd1\">Rev\u00eatement optimis\u00e9 et am\u00e9lioration de surface<\/h3>\n\n\n\n<p>La transformation du papier exige des couchages pr\u00e9cis qui am\u00e9liorent la texture, la brillance et les propri\u00e9t\u00e9s barri\u00e8res. Les \u00e9mulsions polym\u00e8res de Halltech Inc. sont con\u00e7ues pour am\u00e9liorer les caract\u00e9ristiques de surface des supports papier, garantissant des couchages lisses et uniformes qui am\u00e9liorent l&#039;adh\u00e9rence de l&#039;encre et la clart\u00e9 de l&#039;impression. Que ce soit pour les emballages, les \u00e9tiquettes ou les papiers sp\u00e9ciaux, nos \u00e9mulsions offrent des r\u00e9sultats exceptionnels, r\u00e9duisant les bavures d&#039;encre tout en optimisant la brillance et l&#039;attrait visuel.<\/p>\n\n\n\n<h3 class=\"wp-block-heading has-bootstrap-primary-color has-text-color has-link-color wp-elements-8c3b6226b0735189d88d4fc14692dcf9\">R\u00e9sistance et durabilit\u00e9 pour les applications exigeantes<\/h3>\n\n\n\n<p>Les produits papier utilis\u00e9s pour l&#039;emballage, l&#039;\u00e9tiquetage et les applications industrielles doivent r\u00e9sister \u00e0 des conditions environnementales variables. Nos \u00e9mulsions polym\u00e8res renforcent la r\u00e9sistance du papier, am\u00e9liorant ainsi sa r\u00e9sistance \u00e0 la d\u00e9chirure, sa flexibilit\u00e9 et sa protection contre l&#039;humidit\u00e9. Ces propri\u00e9t\u00e9s sont essentielles pour garantir la long\u00e9vit\u00e9 des produits papier dans les applications haute performance, de l&#039;emballage alimentaire \u00e0 l&#039;\u00e9tiquetage pharmaceutique.<\/p>\n\n\n\n<h3 class=\"wp-block-heading has-bootstrap-primary-color has-text-color has-link-color wp-elements-8f4abe2cf12714d8e6a905691ccedea4\">Adh\u00e9sion et laminage pour constructions multicouches<\/h3>\n\n\n\n<p>Pour les applications de laminage et de collage du papier, les \u00e9mulsions de Halltech Inc. offrent une forte adh\u00e9rence sur divers supports, notamment les films et les feuilles. Nos formules avanc\u00e9es facilitent les processus de laminage sans faille, am\u00e9liorant l&#039;int\u00e9grit\u00e9 du collage tout en pr\u00e9servant l&#039;int\u00e9grit\u00e9 structurelle des structures en papier multicouches.<\/p>\n\n\n\n<h3 class=\"wp-block-heading has-bootstrap-primary-color has-text-color has-link-color wp-elements-1df454242a0dbcf78bb4ac86e910e8d5\">Durabilit\u00e9 et conformit\u00e9 r\u00e9glementaire<\/h3>\n\n\n\n<p>Le d\u00e9veloppement durable \u00e9tant une priorit\u00e9 absolue, Halltech Inc. propose des solutions polym\u00e8res con\u00e7ues dans un souci de responsabilit\u00e9 environnementale. Nos \u00e9mulsions favorisent des couchages de papier \u00e9cologiques, r\u00e9duisant ainsi le recours aux syst\u00e8mes \u00e0 base de solvants et garantissant la conformit\u00e9 aux r\u00e9glementations industrielles strictes. Que votre objectif soit d&#039;am\u00e9liorer la recyclabilit\u00e9 ou de r\u00e9duire votre empreinte carbone, nos formules avanc\u00e9es contribuent \u00e0 un processus de transformation du papier plus durable.<\/p>\n\n\n\n<p>Chez Halltech Inc., nous comprenons l&#039;\u00e9volution des besoins de l&#039;industrie de la transformation du papier. Nos \u00e9mulsions polym\u00e8res haute performance offrent aux fabricants les outils n\u00e9cessaires pour cr\u00e9er des produits papetiers qui respectent et d\u00e9passent les normes de l&#039;industrie. Fort de son engagement envers l&#039;innovation et la fiabilit\u00e9, Halltech Inc. est votre partenaire de confiance pour l&#039;avancement des technologies de transformation du papier.<\/p>\n\n\n\n<p>Souhaitez-vous affiner certains aspects de ce contenu ou mettre en valeur des fonctionnalit\u00e9s particuli\u00e8res ?<\/p>","protected":false},"excerpt":{"rendered":"<p>Enhancing Paper Converting with High-Performance Polymer Emulsions In the fast-paced world of paper converting, achieving durability, flexibility, and superior printability is key to meeting industry demands. Halltech Inc.&#8217;s specially formulated polymer emulsions provide essential performance benefits for paper converters, enabling the production of high-quality, functional paper products that stand out in a competitive market. Optimized &hellip; <a href=\"https:\/\/halltech.webstaging.ca\/fr\/our-products\/industry-expertise\/paper-converting\/\">Continued<\/a><\/p>","protected":false},"author":1,"featured_media":0,"parent":22,"menu_order":0,"comment_status":"closed","ping_status":"closed","template":"","meta":{"_acf_changed":false,"footnotes":""},"class_list":["post-271","page","type-page","status-publish","hentry"],"acf":[],"_links":{"self":[{"href":"https:\/\/halltech.webstaging.ca\/fr\/wp-json\/wp\/v2\/pages\/271","targetHints":{"allow":["GET"]}}],"collection":[{"href":"https:\/\/halltech.webstaging.ca\/fr\/wp-json\/wp\/v2\/pages"}],"about":[{"href":"https:\/\/halltech.webstaging.ca\/fr\/wp-json\/wp\/v2\/types\/page"}],"author":[{"embeddable":true,"href":"https:\/\/halltech.webstaging.ca\/fr\/wp-json\/wp\/v2\/users\/1"}],"replies":[{"embeddable":true,"href":"https:\/\/halltech.webstaging.ca\/fr\/wp-json\/wp\/v2\/comments?post=271"}],"version-history":[{"count":2,"href":"https:\/\/halltech.webstaging.ca\/fr\/wp-json\/wp\/v2\/pages\/271\/revisions"}],"predecessor-version":[{"id":288,"href":"https:\/\/halltech.webstaging.ca\/fr\/wp-json\/wp\/v2\/pages\/271\/revisions\/288"}],"up":[{"embeddable":true,"href":"https:\/\/halltech.webstaging.ca\/fr\/wp-json\/wp\/v2\/pages\/22"}],"wp:attachment":[{"href":"https:\/\/halltech.webstaging.ca\/fr\/wp-json\/wp\/v2\/media?parent=271"}],"curies":[{"name":"wp","href":"https:\/\/api.w.org\/{rel}","templated":true}]}}