{"id":269,"date":"2025-05-13T17:07:39","date_gmt":"2025-05-13T17:07:39","guid":{"rendered":"https:\/\/halltech.webstaging.ca\/?page_id=269"},"modified":"2025-05-13T17:34:47","modified_gmt":"2025-05-13T17:34:47","slug":"packaging","status":"publish","type":"page","link":"https:\/\/halltech.webstaging.ca\/fr\/our-products\/industry-expertise\/packaging\/","title":{"rendered":"Conditionnement"},"content":{"rendered":"<h2 class=\"wp-block-heading has-bootstrap-primary-color has-text-color has-link-color wp-elements-ef26dcf4b539d09e04d4b17d1d590e0c\"><strong>Am\u00e9lioration des performances d&#039;emballage gr\u00e2ce aux \u00e9mulsions polym\u00e8res de Halltech Inc.<\/strong><\/h2>\n\n\n\n<p>Dans le march\u00e9 actuel, rapide et exigeant, l&#039;emballage joue un r\u00f4le crucial pour prot\u00e9ger les produits, assurer leur durabilit\u00e9 et rehausser leur esth\u00e9tique. Halltech Inc. propose une gamme sup\u00e9rieure de <strong>\u00e9mulsions polym\u00e8res hautes performances<\/strong> con\u00e7u pour optimiser les mat\u00e9riaux d&#039;emballage, offrant une r\u00e9sistance, une flexibilit\u00e9 et une durabilit\u00e9 in\u00e9gal\u00e9es.<\/p>\n\n\n\n<h3 class=\"wp-block-heading has-bootstrap-primary-color has-text-color has-link-color wp-elements-1cc2aebf3686db7ea965ad404845100f\"><strong>Am\u00e9liorer la durabilit\u00e9 et la protection des emballages<\/strong><\/h3>\n\n\n\n<p>Halltech Inc. <strong>\u00e9mulsions de polym\u00e8res<\/strong> contribuer \u00e0 la r\u00e9silience des emballages en am\u00e9liorant <strong>propri\u00e9t\u00e9s barri\u00e8res<\/strong>, pr\u00e9venant l&#039;absorption d&#039;humidit\u00e9 et r\u00e9duisant l&#039;usure. Qu&#039;il s&#039;agisse d&#039;emballages alimentaires, de cartons industriels ou de films de protection, ces \u00e9mulsions renforcent les mat\u00e9riaux contre les agressions environnementales, garantissant ainsi l&#039;int\u00e9grit\u00e9 du produit, de la production au consommateur.<\/p>\n\n\n\n<h3 class=\"wp-block-heading has-bootstrap-primary-color has-text-color has-link-color wp-elements-b43f45d5337a8d82023b21f68fe55243\"><strong>Applications polyvalentes dans l&#039;emballage<\/strong><\/h3>\n\n\n\n<p>Notre formule sp\u00e9cialement formul\u00e9e <strong>\u00e9mulsions de polym\u00e8res<\/strong> r\u00e9pondent \u00e0 une large gamme d&#039;applications d&#039;emballage, notamment :<\/p>\n\n\n\n<ul class=\"wp-block-list\">\n<li><strong>Emballage flexible :<\/strong> Films et feuilles de renforcement pour emballages alimentaires, m\u00e9dicaux et de vente au d\u00e9tail.<\/li>\n\n\n\n<li><strong>Bo\u00eetes et cartons en carton ondul\u00e9 :<\/strong> Renforcement des emballages \u00e0 base de papier pour une meilleure r\u00e9sistance aux chocs.<\/li>\n\n\n\n<li><strong>Rev\u00eatements protecteurs :<\/strong> Am\u00e9lioration de la r\u00e9sistance \u00e0 l&#039;humidit\u00e9 et de la durabilit\u00e9 des emballages de transport.<\/li>\n\n\n\n<li><strong>Adh\u00e9sifs et laminage :<\/strong> Am\u00e9lioration de la force de liaison pour les solutions d\u2019emballage multicouches.<\/li>\n<\/ul>\n\n\n\n<h3 class=\"wp-block-heading has-bootstrap-primary-color has-text-color has-link-color wp-elements-62e139131ef1c78977314604bb3bf464\"><strong>Promouvoir la durabilit\u00e9 dans l&#039;emballage<\/strong><\/h3>\n\n\n\n<p>Chez Halltech Inc., nous reconnaissons la demande croissante de <strong>solutions \u00e9cologiques<\/strong>. Notre <strong>\u00e9mulsions de polym\u00e8res \u00e0 base d&#039;eau<\/strong> r\u00e9duire la d\u00e9pendance aux alternatives \u00e0 base de solvants, en offrant <strong>\u00e0 faible teneur en COV<\/strong>Mat\u00e9riaux d&#039;emballage non toxiques et recyclables. En int\u00e9grant la technologie Halltech, les fabricants peuvent respecter les r\u00e9glementations environnementales tout en proposant des solutions d&#039;emballage durables.<\/p>\n\n\n\n<h3 class=\"wp-block-heading has-bootstrap-primary-color has-text-color has-link-color wp-elements-0b515e8ec8ef0f0bebc5782acf1b30ef\"><strong>Impression optimis\u00e9e et attrait esth\u00e9tique<\/strong><\/h3>\n\n\n\n<p>L&#039;emballage n&#039;est pas seulement fonctionnel, c&#039;est un puissant outil de branding. Halltech <strong>\u00e9mulsions de polym\u00e8res<\/strong> am\u00e9liorer <strong>imprimabilit\u00e9<\/strong> En permettant des couleurs plus nettes et des finitions plus lisses sur divers supports, cela garantit des graphismes et des \u00e9tiquettes de haute qualit\u00e9 qui renforcent l&#039;identit\u00e9 de la marque et l&#039;engagement des consommateurs.<\/p>\n\n\n\n<h3 class=\"wp-block-heading has-bootstrap-primary-color has-text-color has-link-color wp-elements-1cf33e90e6e4404d3481853ae7cfd80d\"><strong>Stimuler l&#039;innovation dans la technologie de l&#039;emballage<\/strong><\/h3>\n\n\n\n<p>Avec des d\u00e9cennies d&#039;expertise dans la formulation de polym\u00e8res, Halltech Inc. continue d&#039;\u00eatre un pionnier <strong>solutions d&#039;emballage de nouvelle g\u00e9n\u00e9ration<\/strong>. Que vous ayez besoin <strong>rev\u00eatements haute performance, adh\u00e9sifs avanc\u00e9s ou m\u00e9langes de polym\u00e8res personnalis\u00e9s<\/strong>, notre \u00e9quipe d&#039;experts collabore pour d\u00e9velopper des solutions sur mesure pour r\u00e9pondre aux demandes d&#039;emballage en constante \u00e9volution.<\/p>\n\n\n\n<h3 class=\"wp-block-heading has-bootstrap-primary-color has-text-color has-link-color wp-elements-f15dbbd477218ec81c01192be2c1a2c2\"><strong>Partenariat avec Halltech Inc. pour des solutions d&#039;emballage de pointe<\/strong><\/h3>\n\n\n\n<p>Depuis <strong>des contenants rigides aux films flexibles<\/strong>, Halltech Inc. livre <strong>\u00e9mulsions polym\u00e8res hautes performances<\/strong> qui red\u00e9finissent l&#039;excellence de l&#039;emballage. Contactez-nous pour d\u00e9couvrir <strong>formulations personnalis\u00e9es<\/strong> qui am\u00e9liorent la r\u00e9sistance, la durabilit\u00e9 et l&#039;attrait visuel dans diverses applications d&#039;emballage.<\/p>","protected":false},"excerpt":{"rendered":"<p>Enhancing Packaging Performance with Halltech Inc.&#8217;s Polymer Emulsions In today&#8217;s fast-paced and demanding market, packaging plays a crucial role in protecting products, ensuring durability, and enhancing aesthetic appeal. Halltech Inc. offers a superior line of high-performance polymer emulsions designed to optimize packaging materials, providing unparalleled strength, flexibility, and sustainability. Improving Packaging Durability and Protection Halltech &hellip; <a href=\"https:\/\/halltech.webstaging.ca\/fr\/our-products\/industry-expertise\/packaging\/\">Continued<\/a><\/p>","protected":false},"author":1,"featured_media":0,"parent":22,"menu_order":0,"comment_status":"closed","ping_status":"closed","template":"","meta":{"_acf_changed":false,"footnotes":""},"class_list":["post-269","page","type-page","status-publish","hentry"],"acf":[],"_links":{"self":[{"href":"https:\/\/halltech.webstaging.ca\/fr\/wp-json\/wp\/v2\/pages\/269","targetHints":{"allow":["GET"]}}],"collection":[{"href":"https:\/\/halltech.webstaging.ca\/fr\/wp-json\/wp\/v2\/pages"}],"about":[{"href":"https:\/\/halltech.webstaging.ca\/fr\/wp-json\/wp\/v2\/types\/page"}],"author":[{"embeddable":true,"href":"https:\/\/halltech.webstaging.ca\/fr\/wp-json\/wp\/v2\/users\/1"}],"replies":[{"embeddable":true,"href":"https:\/\/halltech.webstaging.ca\/fr\/wp-json\/wp\/v2\/comments?post=269"}],"version-history":[{"count":2,"href":"https:\/\/halltech.webstaging.ca\/fr\/wp-json\/wp\/v2\/pages\/269\/revisions"}],"predecessor-version":[{"id":287,"href":"https:\/\/halltech.webstaging.ca\/fr\/wp-json\/wp\/v2\/pages\/269\/revisions\/287"}],"up":[{"embeddable":true,"href":"https:\/\/halltech.webstaging.ca\/fr\/wp-json\/wp\/v2\/pages\/22"}],"wp:attachment":[{"href":"https:\/\/halltech.webstaging.ca\/fr\/wp-json\/wp\/v2\/media?parent=269"}],"curies":[{"name":"wp","href":"https:\/\/api.w.org\/{rel}","templated":true}]}}