{"id":24,"date":"2025-04-22T13:31:25","date_gmt":"2025-04-22T13:31:25","guid":{"rendered":"https:\/\/halltech.webstaging.ca\/?page_id=24"},"modified":"2025-04-25T15:39:45","modified_gmt":"2025-04-25T15:39:45","slug":"contact","status":"publish","type":"page","link":"https:\/\/halltech.webstaging.ca\/fr\/contact\/","title":{"rendered":"Restons connect\u00e9s. Nous sommes l\u00e0 pour vous aider."},"content":{"rendered":"<section class=\"block-container pt-4 pb-2\">\n    <div class=\"container\">\n    \n<div class=\"row\">\n  \n<div class=\"block-column col-12 col-lg-6\">\n  \n<div id=\"map-location-5e15b3e66c87f8219515f67a1ebd1de9\" class=\"map-location\">\n    <div id=\"map-location-5e15b3e66c87f8219515f67a1ebd1de9-map\" class=\"map\" data-location=\"eyJhZGRyZXNzIjoiNDY1IENvcm9uYXRpb24gRHJpdmUsIFNjYXJib3JvdWdoLCBPTiwgQ2FuYWRhIiwibGF0Ijo0My43NjM3OTM2LCJsbmciOi03OS4xNjk3NjM2MDAwMDAwMSwiem9vbSI6MTQsInBsYWNlX2lkIjoiQ2hJSkQ0WTlyX0hhMUlrUm1XRE5DaEVIOEN3IiwibmFtZSI6IjQ2NSBDb3JvbmF0aW9uIERyIiwic3RyZWV0X251bWJlciI6IjQ2NSIsInN0cmVldF9uYW1lIjoiQ29yb25hdGlvbiBEcml2ZSIsInN0cmVldF9uYW1lX3Nob3J0IjoiQ29yb25hdGlvbiBEciIsImNpdHkiOiJUb3JvbnRvIiwic3RhdGUiOiJPbnRhcmlvIiwic3RhdGVfc2hvcnQiOiJPTiIsInBvc3RfY29kZSI6Ik0xRSAySzIiLCJjb3VudHJ5IjoiQ2FuYWRhIiwiY291bnRyeV9zaG9ydCI6IkNBIn0=\">\n      <div class=\"alert alert-info\">\n        La carte sera rendue sur le frontend.\n      <\/div>\n    <\/div>\n    <div class=\"content\">\n      <div>\n                  <strong>Halltech<\/strong><br>\n                      <p>465 Coronation Drive<br \/>\nScarborough<br \/>\nON, Canada<br \/>\nM1E 2K2<br \/>\n<a href=\"tel:(416) 284-6111\">(416) 284-6111<\/a><br \/>\n<a href=\"tel:1-800-965-6113\">1-800-965-6113<\/a><br \/>\n<a href=\"mailto:info@halltech-inc.com\">info@halltech-inc.com<\/a><\/p>\n\n                        <\/div>\n    <\/div>\n  <\/div>\n  <script>\n    function docReady5e15b3e66c87f8219515f67a1ebd1de9(fn) {\n        \/\/ see if DOM is already available\n        if (document.readyState === \"complete\" || document.readyState === \"interactive\") {\n            \/\/ call on next available tick\n            setTimeout(fn, 1);\n        } else {\n            document.addEventListener(\"DOMContentLoaded\", fn);\n        }\n    }\n    docReady5e15b3e66c87f8219515f67a1ebd1de9(function() {\n      window.$(window).trigger('acf\/loaded\/map-location', 'map-location-5e15b3e66c87f8219515f67a1ebd1de9');\n    });\n  <\/script>\n\n\n<\/div>\n\n\n<div class=\"block-column col-12 col-lg-6\">\n  \n<div id=\"map-location-e35ca6eadd397f54aa17c942e77fc8f2\" class=\"map-location\">\n    <div id=\"map-location-e35ca6eadd397f54aa17c942e77fc8f2-map\" class=\"map\" data-location=\"eyJhZGRyZXNzIjoiUnVlIEJvdGhhbSwgU2FpbnQtTGF1cmVudCwgUUMsIENhbmFkYSIsImxhdCI6NDUuNDk3OTA5NCwibG5nIjotNzMuNzQ0ODQ4OSwiem9vbSI6MTQsInBsYWNlX2lkIjoiRWlWU2RXVWdRbTkwYUdGdExDQk5iMjUwY3NPcFlXd3NJRkZESUVnMFV5d2dRMkZ1WVdSaElpNHFMQW9VQ2hJSlZWXy0xelU5eVV3Ul9HVjhRdldka1FzU0ZBb1NDZU9zNzZ3UEdNbE1FVFVvNWw3cWhJdXkiLCJuYW1lIjoiUnVlIEJvdGhhbSIsInN0cmVldF9uYW1lIjoiUnVlIEJvdGhhbSIsImNpdHkiOiJNb250clx1MDBlOWFsIiwic3RhdGUiOiJRdVx1MDBlOWJlYyIsInN0YXRlX3Nob3J0IjoiUUMiLCJjb3VudHJ5IjoiQ2FuYWRhIiwiY291bnRyeV9zaG9ydCI6IkNBIn0=\">\n      <div class=\"alert alert-info\">\n        La carte sera rendue sur le frontend.\n      <\/div>\n    <\/div>\n    <div class=\"content\">\n      <div>\n                  <strong>Polycol<\/strong><br>\n                      <p>Polycol, Div. de\/de Halltech Inc.<br \/>\n2805 rue Botham Street<br \/>\nVille Saint Laurent<br \/>\nQu\u00e9bec, Canada<br \/>\nH4S 1H8<br \/>\n<a href=\"tel:(514) 331-2710\">(514) 331-2710<\/a><br \/>\n<a href=\"mailto:administration@polycol.com\">administration@polycol.com<\/a><\/p>\n\n                        <\/div>\n    <\/div>\n  <\/div>\n  <script>\n    function docReadye35ca6eadd397f54aa17c942e77fc8f2(fn) {\n        \/\/ see if DOM is already available\n        if (document.readyState === \"complete\" || document.readyState === \"interactive\") {\n            \/\/ call on next available tick\n            setTimeout(fn, 1);\n        } else {\n            document.addEventListener(\"DOMContentLoaded\", fn);\n        }\n    }\n    docReadye35ca6eadd397f54aa17c942e77fc8f2(function() {\n      window.$(window).trigger('acf\/loaded\/map-location', 'map-location-e35ca6eadd397f54aa17c942e77fc8f2');\n    });\n  <\/script>\n\n\n<\/div>\n\n\n<\/div>\n\n\n  <\/div>\n<\/section>\n\n\n<section class=\"block-container bg-primary pt-5 pb-5\" style=\"background:linear-gradient(0deg, rgba(214, 6, 6, 0.8), rgba(214, 6, 6, 0.8)), url(https:\/\/halltech.webstaging.ca\/wp-content\/uploads\/2025\/04\/e6c7642da0bf9ae8e5f3043f3bbdc71130756bd6.png);\" >\n    <div class=\"container\">\n    \n<div class=\"row\">\n  \n<div class=\"block-column col-12 col-md-10 col-lg-8 col-xl-6 offset-md-1 offset-lg-2 offset-xl-3\">\n  \n\n<h2 class=\"wp-block-heading has-text-align-center has-bootstrap-light-color has-text-color has-link-color wp-elements-e379c35ef7bce462c516587376248245\" style=\"font-style:normal;font-weight:300\">Assistance experte, \u00e0 un simple message.<\/h2>\n\n\n\n<p class=\"has-text-align-center mb-0 has-bootstrap-light-color has-text-color has-link-color has-large-font-size wp-elements-61f8174ef0d2756495fae568965297b2\" style=\"font-style:normal;font-weight:300\">Besoin d&#039;informations sur un produit, d&#039;assistance technique ou d&#039;une solution personnalis\u00e9e\u00a0? Notre \u00e9quipe est l\u00e0 pour vous aider. Contactez-nous d\u00e8s aujourd&#039;hui\u00a0!<\/p>\n\n\n<\/div>\n\n\n<\/div>\n\n\n  <\/div>\n<\/section>","protected":false},"excerpt":{"rendered":"","protected":false},"author":1,"featured_media":0,"parent":0,"menu_order":0,"comment_status":"closed","ping_status":"closed","template":"template-full-width.blade.php","meta":{"_acf_changed":false,"footnotes":""},"class_list":["post-24","page","type-page","status-publish","hentry"],"acf":[],"_links":{"self":[{"href":"https:\/\/halltech.webstaging.ca\/fr\/wp-json\/wp\/v2\/pages\/24","targetHints":{"allow":["GET"]}}],"collection":[{"href":"https:\/\/halltech.webstaging.ca\/fr\/wp-json\/wp\/v2\/pages"}],"about":[{"href":"https:\/\/halltech.webstaging.ca\/fr\/wp-json\/wp\/v2\/types\/page"}],"author":[{"embeddable":true,"href":"https:\/\/halltech.webstaging.ca\/fr\/wp-json\/wp\/v2\/users\/1"}],"replies":[{"embeddable":true,"href":"https:\/\/halltech.webstaging.ca\/fr\/wp-json\/wp\/v2\/comments?post=24"}],"version-history":[{"count":9,"href":"https:\/\/halltech.webstaging.ca\/fr\/wp-json\/wp\/v2\/pages\/24\/revisions"}],"predecessor-version":[{"id":112,"href":"https:\/\/halltech.webstaging.ca\/fr\/wp-json\/wp\/v2\/pages\/24\/revisions\/112"}],"wp:attachment":[{"href":"https:\/\/halltech.webstaging.ca\/fr\/wp-json\/wp\/v2\/media?parent=24"}],"curies":[{"name":"wp","href":"https:\/\/api.w.org\/{rel}","templated":true}]}}