{"id":236,"date":"2025-05-13T15:17:44","date_gmt":"2025-05-13T15:17:44","guid":{"rendered":"https:\/\/halltech.webstaging.ca\/?page_id=236"},"modified":"2025-05-15T18:47:11","modified_gmt":"2025-05-15T18:47:11","slug":"specialty-applications","status":"publish","type":"page","link":"https:\/\/halltech.webstaging.ca\/fr\/our-products\/polymer-emulsions\/specialty-applications\/","title":{"rendered":"Applications sp\u00e9cialis\u00e9es"},"content":{"rendered":"<p>Chez Halltech Inc., nous savons que certaines industries n\u00e9cessitent plus que de simples \u00e9mulsions polym\u00e8res conventionnelles\u00a0: elles ont besoin de solutions sp\u00e9cialis\u00e9es adapt\u00e9es \u00e0 des exigences de performance uniques. <strong>\u00e9mulsions polym\u00e8res hautes performances<\/strong> sont m\u00e9ticuleusement con\u00e7us pour <strong>applications sp\u00e9cialis\u00e9es<\/strong>, offrant une fonctionnalit\u00e9, une durabilit\u00e9 et une adaptabilit\u00e9 exceptionnelles dans une vari\u00e9t\u00e9 d&#039;industries.<\/p>\n\n\n\n<p>De la pointe de la technologie <strong>rev\u00eatements \u00e9lectroniques<\/strong> \u00e0 <strong>adh\u00e9sifs personnalis\u00e9s<\/strong>Les \u00e9mulsions polym\u00e8res de Halltech sont destin\u00e9es \u00e0 des applications de niche o\u00f9 la pr\u00e9cision et la fiabilit\u00e9 sont importantes. Qu&#039;il s&#039;agisse d&#039;am\u00e9liorer <strong>r\u00e9sistance thermique<\/strong> dans des environnements industriels ou <strong>am\u00e9liorer la flexibilit\u00e9<\/strong> pour les mat\u00e9riaux de haute technologie, nos formulations offrent des performances in\u00e9gal\u00e9es <strong>qualit\u00e9, stabilit\u00e9 et innovation<\/strong>.<\/p>\n\n\n\n<h3 class=\"wp-block-heading has-bootstrap-primary-color has-text-color has-link-color wp-elements-684a0efca8610a4df0c371240974ecbe\"><strong>Principales applications sp\u00e9cialis\u00e9es<\/strong><\/h3>\n\n\n\n<ul class=\"wp-block-list\">\n<li><strong>\u00c9lectronique et rev\u00eatements de protection<\/strong> \u2013 Nos \u00e9mulsions avanc\u00e9es offrent une isolation et une protection sup\u00e9rieures aux composants \u00e9lectroniques, garantissant long\u00e9vit\u00e9 et r\u00e9sistance aux facteurs de stress environnementaux.<\/li>\n\n\n\n<li><strong>Adh\u00e9sifs et films de qualit\u00e9 m\u00e9dicale<\/strong> \u2013 Con\u00e7ues pour r\u00e9pondre aux normes m\u00e9dicales et de sant\u00e9 les plus strictes, nos solutions polym\u00e8res contribuent \u00e0 la cr\u00e9ation d\u2019adh\u00e9sifs s\u00fbrs et biocompatibles et de films flexibles utilis\u00e9s dans les outils de diagnostic, les \u00e9quipements et les technologies portables.<\/li>\n\n\n\n<li><strong>Mat\u00e9riaux pour l&#039;automobile et l&#039;a\u00e9rospatiale<\/strong> \u2013 Halltech <strong>\u00e9mulsions de polym\u00e8res sp\u00e9ciaux<\/strong> renforcer l&#039;int\u00e9grit\u00e9 structurelle des rev\u00eatements automobiles et des composants a\u00e9rospatiaux, en offrant <strong>haute r\u00e9sistance \u00e0 la chaleur, r\u00e9sistance aux chocs et durabilit\u00e9<\/strong> pour les environnements exigeants.<\/li>\n\n\n\n<li> <strong>Emballages durables et rev\u00eatements barri\u00e8res<\/strong><br>Nous d\u00e9veloppons des produits respectueux de l&#039;environnement <strong>rev\u00eatements barri\u00e8res<\/strong> pour les emballages alimentaires et les conteneurs industriels, garantissant une r\u00e9sistance \u00e0 l&#039;humidit\u00e9, une adh\u00e9rence sup\u00e9rieure et <strong>recyclabilit\u00e9<\/strong>, s&#039;alignant avec <strong>initiatives vertes<\/strong>.<\/li>\n<\/ul>","protected":false},"excerpt":{"rendered":"<p>At Halltech Inc., we recognize that some industries require more than just conventional polymer emulsions\u2014they need specialized solutions tailored to unique performance demands. Our high-performance polymer emulsions are meticulously designed for specialty applications, delivering exceptional functionality, durability, and adaptability across a variety of industries. From cutting-edge electronic coatings to custom adhesives, Halltech\u2019s polymer emulsions serve &hellip; <a href=\"https:\/\/halltech.webstaging.ca\/fr\/our-products\/polymer-emulsions\/specialty-applications\/\">Continued<\/a><\/p>","protected":false},"author":1,"featured_media":0,"parent":20,"menu_order":0,"comment_status":"closed","ping_status":"closed","template":"","meta":{"_acf_changed":false,"footnotes":""},"class_list":["post-236","page","type-page","status-publish","hentry"],"acf":[],"_links":{"self":[{"href":"https:\/\/halltech.webstaging.ca\/fr\/wp-json\/wp\/v2\/pages\/236","targetHints":{"allow":["GET"]}}],"collection":[{"href":"https:\/\/halltech.webstaging.ca\/fr\/wp-json\/wp\/v2\/pages"}],"about":[{"href":"https:\/\/halltech.webstaging.ca\/fr\/wp-json\/wp\/v2\/types\/page"}],"author":[{"embeddable":true,"href":"https:\/\/halltech.webstaging.ca\/fr\/wp-json\/wp\/v2\/users\/1"}],"replies":[{"embeddable":true,"href":"https:\/\/halltech.webstaging.ca\/fr\/wp-json\/wp\/v2\/comments?post=236"}],"version-history":[{"count":4,"href":"https:\/\/halltech.webstaging.ca\/fr\/wp-json\/wp\/v2\/pages\/236\/revisions"}],"predecessor-version":[{"id":306,"href":"https:\/\/halltech.webstaging.ca\/fr\/wp-json\/wp\/v2\/pages\/236\/revisions\/306"}],"up":[{"embeddable":true,"href":"https:\/\/halltech.webstaging.ca\/fr\/wp-json\/wp\/v2\/pages\/20"}],"wp:attachment":[{"href":"https:\/\/halltech.webstaging.ca\/fr\/wp-json\/wp\/v2\/media?parent=236"}],"curies":[{"name":"wp","href":"https:\/\/api.w.org\/{rel}","templated":true}]}}