{"id":234,"date":"2025-05-13T15:17:18","date_gmt":"2025-05-13T15:17:18","guid":{"rendered":"https:\/\/halltech.webstaging.ca\/?page_id=234"},"modified":"2025-05-15T18:49:32","modified_gmt":"2025-05-15T18:49:32","slug":"adhesive-bases","status":"publish","type":"page","link":"https:\/\/halltech.webstaging.ca\/fr\/our-products\/polymer-emulsions\/adhesive-bases\/","title":{"rendered":"Bases adh\u00e9sives"},"content":{"rendered":"<p>Dans le monde dynamique de la formulation d&#039;adh\u00e9sifs, pr\u00e9cision, durabilit\u00e9 et polyvalence sont essentielles. Halltech Inc. propose des \u00e9mulsions polym\u00e8res de qualit\u00e9 sup\u00e9rieure con\u00e7ues pour am\u00e9liorer les bases adh\u00e9sives, garantissant une adh\u00e9rence solide, une flexibilit\u00e9 accrue et des performances optimales dans de nombreux secteurs.<\/p>\n\n\n\n<ul class=\"wp-block-list\">\n<li><strong>Collage sup\u00e9rieur pour diverses applications<\/strong> \u2013 Ces solutions sont con\u00e7ues pour am\u00e9liorer l\u2019adh\u00e9rence humide, la r\u00e9sistance au pelage et les propri\u00e9t\u00e9s coh\u00e9sives, garantissant une liaison fiable m\u00eame dans les environnements les plus exigeants.<\/li>\n\n\n\n<li><strong>Flexibilit\u00e9 et durabilit\u00e9 am\u00e9lior\u00e9es<\/strong> \u2013 Leur r\u00e9sistance \u00e0 la chaleur, \u00e0 l\u2019humidit\u00e9 et \u00e0 l\u2019exposition aux UV les rend id\u00e9ales pour les applications n\u00e9cessitant une durabilit\u00e9 sup\u00e9rieure.<\/li>\n\n\n\n<li><strong>Optimis\u00e9 pour l&#039;efficacit\u00e9 et la durabilit\u00e9<\/strong> \u2013 Nos \u00e9mulsions de polym\u00e8res sont formul\u00e9es pour r\u00e9duire les compos\u00e9s organiques volatils (COV), promouvoir des pratiques de production durables et r\u00e9pondre \u00e0 des normes r\u00e9glementaires strictes.<\/li>\n\n\n\n<li><strong>Des solutions sur mesure pour chaque exigence<\/strong> \u2013 Qu\u2019il s\u2019agisse d\u2019am\u00e9liorer la viscosit\u00e9, d\u2019am\u00e9liorer l\u2019adh\u00e9rence \u00e0 divers substrats ou d\u2019optimiser les temps de durcissement, nos solutions sont adapt\u00e9es \u00e0 vos sp\u00e9cifications exactes.<\/li>\n<\/ul>","protected":false},"excerpt":{"rendered":"<p>Dans le monde dynamique de la formulation d&#039;adh\u00e9sifs, pr\u00e9cision, durabilit\u00e9 et polyvalence sont essentielles. Halltech Inc. propose des \u00e9mulsions polym\u00e8res de qualit\u00e9 sup\u00e9rieure con\u00e7ues pour am\u00e9liorer les bases adh\u00e9sives, garantissant une adh\u00e9rence solide, une flexibilit\u00e9 accrue et des performances optimales dans de nombreux secteurs.<\/p>","protected":false},"author":1,"featured_media":0,"parent":20,"menu_order":0,"comment_status":"closed","ping_status":"closed","template":"","meta":{"_acf_changed":false,"footnotes":""},"class_list":["post-234","page","type-page","status-publish","hentry"],"acf":[],"_links":{"self":[{"href":"https:\/\/halltech.webstaging.ca\/fr\/wp-json\/wp\/v2\/pages\/234","targetHints":{"allow":["GET"]}}],"collection":[{"href":"https:\/\/halltech.webstaging.ca\/fr\/wp-json\/wp\/v2\/pages"}],"about":[{"href":"https:\/\/halltech.webstaging.ca\/fr\/wp-json\/wp\/v2\/types\/page"}],"author":[{"embeddable":true,"href":"https:\/\/halltech.webstaging.ca\/fr\/wp-json\/wp\/v2\/users\/1"}],"replies":[{"embeddable":true,"href":"https:\/\/halltech.webstaging.ca\/fr\/wp-json\/wp\/v2\/comments?post=234"}],"version-history":[{"count":4,"href":"https:\/\/halltech.webstaging.ca\/fr\/wp-json\/wp\/v2\/pages\/234\/revisions"}],"predecessor-version":[{"id":310,"href":"https:\/\/halltech.webstaging.ca\/fr\/wp-json\/wp\/v2\/pages\/234\/revisions\/310"}],"up":[{"embeddable":true,"href":"https:\/\/halltech.webstaging.ca\/fr\/wp-json\/wp\/v2\/pages\/20"}],"wp:attachment":[{"href":"https:\/\/halltech.webstaging.ca\/fr\/wp-json\/wp\/v2\/media?parent=234"}],"curies":[{"name":"wp","href":"https:\/\/api.w.org\/{rel}","templated":true}]}}