{"id":230,"date":"2025-05-13T15:15:17","date_gmt":"2025-05-13T15:15:17","guid":{"rendered":"https:\/\/halltech.webstaging.ca\/?page_id=230"},"modified":"2025-05-15T18:48:18","modified_gmt":"2025-05-15T18:48:18","slug":"joint-cement-compound","status":"publish","type":"page","link":"https:\/\/halltech.webstaging.ca\/fr\/our-products\/polymer-emulsions\/joint-cement-compound\/","title":{"rendered":"Compos\u00e9 de ciment pour joints"},"content":{"rendered":"<p>Lorsqu&#039;il s&#039;agit de travaux de construction et de finition de haute qualit\u00e9, un <strong>compos\u00e9 de ciment \u00e0 joints<\/strong> est essentiel pour les installations, les r\u00e9parations et les ragr\u00e9ages de cloisons s\u00e8ches sans joint. <strong>Halltech Inc.<\/strong>, nous avons con\u00e7u des produits avanc\u00e9s <strong>\u00e9mulsions de polym\u00e8res<\/strong> Con\u00e7u pour optimiser les performances, la durabilit\u00e9 et les propri\u00e9t\u00e9s d&#039;application des compos\u00e9s de ciment pour joints, garantissant des r\u00e9sultats professionnels et une r\u00e9sistance durable. Ses caract\u00e9ristiques comprennent\u00a0:<\/p>\n\n\n\n<ul class=\"wp-block-list\">\n<li>Am\u00e9liorer la maniabilit\u00e9 et l&#039;application<\/li>\n\n\n\n<li>Adh\u00e9rence et flexibilit\u00e9 sup\u00e9rieures<\/li>\n\n\n\n<li>Durabilit\u00e9 et r\u00e9sistance am\u00e9lior\u00e9es<\/li>\n\n\n\n<li>Solutions \u00e9cologiques et durables<\/li>\n<\/ul>\n\n\n\n<h3 class=\"wp-block-heading has-bootstrap-primary-color has-text-color has-link-color wp-elements-1bd303cb6bdfce87997e52c1c9203632\"><strong>L&#039;avantage Halltech<\/strong><\/h3>\n\n\n\n<p>Avec des d\u00e9cennies d\u2019exp\u00e9rience dans <strong>technologie des \u00e9mulsions polym\u00e8res<\/strong>, Halltech Inc. demeure un partenaire de confiance dans <strong>innovation en mati\u00e8re de construction et de mat\u00e9riaux de construction<\/strong>. Notre <strong>\u00e9mulsions hautes performances<\/strong> fournir une qualit\u00e9 sup\u00e9rieure <strong>adh\u00e9rence, flexibilit\u00e9, durabilit\u00e9 et durabilit\u00e9<\/strong>, offrant aux fabricants des solutions qui am\u00e9liorent la qualit\u00e9 et la fonctionnalit\u00e9 de leurs compos\u00e9s de ciment pour joints.<\/p>\n\n\n\n<p>Contact <strong>Halltech Inc.<\/strong> aujourd&#039;hui pour en savoir plus sur notre <strong>\u00e9mulsions de polym\u00e8res<\/strong> et comment ils peuvent optimiser votre <strong>formulations de compos\u00e9s de ciment pour joints<\/strong>!<\/p>","protected":false},"excerpt":{"rendered":"<p>When it comes to high-quality construction and finishing work, a reliable joint cement compound is essential for seamless drywall installations, patching, and repairs. At Halltech Inc., we have engineered advanced polymer emulsions designed to optimize the performance, durability, and application properties of joint cement compounds, ensuring professional results and lasting strength. Features include, The Halltech &hellip; <a href=\"https:\/\/halltech.webstaging.ca\/fr\/our-products\/polymer-emulsions\/joint-cement-compound\/\">Continued<\/a><\/p>","protected":false},"author":1,"featured_media":0,"parent":20,"menu_order":0,"comment_status":"closed","ping_status":"closed","template":"","meta":{"_acf_changed":false,"footnotes":""},"class_list":["post-230","page","type-page","status-publish","hentry"],"acf":[],"_links":{"self":[{"href":"https:\/\/halltech.webstaging.ca\/fr\/wp-json\/wp\/v2\/pages\/230","targetHints":{"allow":["GET"]}}],"collection":[{"href":"https:\/\/halltech.webstaging.ca\/fr\/wp-json\/wp\/v2\/pages"}],"about":[{"href":"https:\/\/halltech.webstaging.ca\/fr\/wp-json\/wp\/v2\/types\/page"}],"author":[{"embeddable":true,"href":"https:\/\/halltech.webstaging.ca\/fr\/wp-json\/wp\/v2\/users\/1"}],"replies":[{"embeddable":true,"href":"https:\/\/halltech.webstaging.ca\/fr\/wp-json\/wp\/v2\/comments?post=230"}],"version-history":[{"count":5,"href":"https:\/\/halltech.webstaging.ca\/fr\/wp-json\/wp\/v2\/pages\/230\/revisions"}],"predecessor-version":[{"id":308,"href":"https:\/\/halltech.webstaging.ca\/fr\/wp-json\/wp\/v2\/pages\/230\/revisions\/308"}],"up":[{"embeddable":true,"href":"https:\/\/halltech.webstaging.ca\/fr\/wp-json\/wp\/v2\/pages\/20"}],"wp:attachment":[{"href":"https:\/\/halltech.webstaging.ca\/fr\/wp-json\/wp\/v2\/media?parent=230"}],"curies":[{"name":"wp","href":"https:\/\/api.w.org\/{rel}","templated":true}]}}