{"id":228,"date":"2025-05-13T15:14:49","date_gmt":"2025-05-13T15:14:49","guid":{"rendered":"https:\/\/halltech.webstaging.ca\/?page_id=228"},"modified":"2025-05-15T19:05:37","modified_gmt":"2025-05-15T19:05:37","slug":"paints-coatings","status":"publish","type":"page","link":"https:\/\/halltech.webstaging.ca\/fr\/our-products\/polymer-emulsions\/paints-coatings\/","title":{"rendered":"Peintures et rev\u00eatements"},"content":{"rendered":"<p>Dans le monde des peintures et rev\u00eatements, la durabilit\u00e9, l&#039;adh\u00e9rence et la qualit\u00e9 de finition sont primordiales. Halltech Inc. propose des \u00e9mulsions polym\u00e8res de pointe, sp\u00e9cialement formul\u00e9es pour am\u00e9liorer les performances dans ces applications. Qu&#039;il s&#039;agisse de rev\u00eatements architecturaux, de finitions industrielles ou de formulations sp\u00e9cialis\u00e9es, nos \u00e9mulsions haute performance permettent aux fabricants de r\u00e9pondre aux exigences \u00e9volutives du secteur.<\/p>\n\n\n\n<h2 class=\"wp-block-heading\">Avantages des peintures et rev\u00eatements Halltech<\/h2>\n\n\n\n<ul class=\"wp-block-list\">\n<li>Des performances in\u00e9gal\u00e9es pour les rev\u00eatements architecturaux et industriels<\/li>\n\n\n\n<li>Optimis\u00e9 pour les solutions \u00e9cologiques et \u00e0 faible teneur en COV<\/li>\n\n\n\n<li>Fonctionnalit\u00e9 am\u00e9lior\u00e9e pour les rev\u00eatements sp\u00e9ciaux<\/li>\n<\/ul>\n\n\n<section class=\"block-container mb-5\">\n    <div class=\"container\">\n    \n<div class=\"row\">\n  \n<div class=\"block-column col-12 col-md-10 col-xl-8 offset-md-1 offset-xl-2\">\n  \n\n<h2 class=\"wp-block-heading has-text-align-center mb-3 has-bootstrap-primary-color has-text-color has-link-color wp-elements-4f8db15eb893124893dbef1a30b5d431\">Ressources<\/h2>\n\n\n<section class=\"documents-table mb-3\">\n    <table class=\"table align-middle\">\n      <tr>\n                  <th class=\"bg-primary text-light\">Nom du produit<\/th>\n                          <th class=\"bg-primary text-light text-end\">TDS<\/th>\n              <\/tr>\n              <tr>\n                      <td>TDS-001<\/td>\n                                <td class=\"text-end\"><a class=\"btn btn-sm btn-primary\" href=\"https:\/\/halltech.webstaging.ca\/wp-content\/uploads\/2025\/05\/TDS-Halltak-2586-V5.pdf\" target=\"_blank\">Voir \/ T\u00e9l\u00e9charger<\/a><\/td>\n                  <\/tr>\n              <tr>\n                      <td>TDS-002<\/td>\n                                <td class=\"text-end\"><a class=\"btn btn-sm btn-primary\" href=\"https:\/\/halltech.webstaging.ca\/wp-content\/uploads\/2025\/05\/TDS-HP-22-214.pdf\" target=\"_blank\">Voir \/ T\u00e9l\u00e9charger<\/a><\/td>\n                  <\/tr>\n              <tr>\n                      <td>TDS-003<\/td>\n                                <td class=\"text-end\"><a class=\"btn btn-sm btn-primary\" href=\"https:\/\/halltech.webstaging.ca\/wp-content\/uploads\/2025\/05\/TDS-HP-30-389.pdf\" target=\"_blank\">Voir \/ T\u00e9l\u00e9charger<\/a><\/td>\n                  <\/tr>\n          <\/table>\n  <\/section>\n\n\n<\/div>\n\n\n<\/div>\n\n\n  <\/div>\n<\/section>","protected":false},"excerpt":{"rendered":"<p>In the world of paints and coatings, durability, adhesion, and finish quality are paramount. Halltech Inc. delivers cutting-edge polymer emulsions that are specially formulated to enhance performance in these applications. Whether for architectural coatings, industrial finishes, or specialty formulations, our high-performance emulsions empower manufacturers to meet the evolving demands of the industry. Benefits of Halltech &hellip; <a href=\"https:\/\/halltech.webstaging.ca\/fr\/our-products\/polymer-emulsions\/paints-coatings\/\">Continued<\/a><\/p>","protected":false},"author":1,"featured_media":0,"parent":20,"menu_order":0,"comment_status":"closed","ping_status":"closed","template":"","meta":{"_acf_changed":false,"footnotes":""},"class_list":["post-228","page","type-page","status-publish","hentry"],"acf":[],"_links":{"self":[{"href":"https:\/\/halltech.webstaging.ca\/fr\/wp-json\/wp\/v2\/pages\/228","targetHints":{"allow":["GET"]}}],"collection":[{"href":"https:\/\/halltech.webstaging.ca\/fr\/wp-json\/wp\/v2\/pages"}],"about":[{"href":"https:\/\/halltech.webstaging.ca\/fr\/wp-json\/wp\/v2\/types\/page"}],"author":[{"embeddable":true,"href":"https:\/\/halltech.webstaging.ca\/fr\/wp-json\/wp\/v2\/users\/1"}],"replies":[{"embeddable":true,"href":"https:\/\/halltech.webstaging.ca\/fr\/wp-json\/wp\/v2\/comments?post=228"}],"version-history":[{"count":8,"href":"https:\/\/halltech.webstaging.ca\/fr\/wp-json\/wp\/v2\/pages\/228\/revisions"}],"predecessor-version":[{"id":314,"href":"https:\/\/halltech.webstaging.ca\/fr\/wp-json\/wp\/v2\/pages\/228\/revisions\/314"}],"up":[{"embeddable":true,"href":"https:\/\/halltech.webstaging.ca\/fr\/wp-json\/wp\/v2\/pages\/20"}],"wp:attachment":[{"href":"https:\/\/halltech.webstaging.ca\/fr\/wp-json\/wp\/v2\/media?parent=228"}],"curies":[{"name":"wp","href":"https:\/\/api.w.org\/{rel}","templated":true}]}}