{"id":22,"date":"2025-04-22T13:31:10","date_gmt":"2025-04-22T13:31:10","guid":{"rendered":"https:\/\/halltech.webstaging.ca\/?page_id=22"},"modified":"2025-05-13T17:29:53","modified_gmt":"2025-05-13T17:29:53","slug":"industry-expertise","status":"publish","type":"page","link":"https:\/\/halltech.webstaging.ca\/fr\/our-products\/industry-expertise\/","title":{"rendered":"Adh\u00e9sifs industriels"},"content":{"rendered":"<section class=\"block-container pt-4 pb-4\" style=\"background-image: url(&#039;https:\/\/halltech.webstaging.ca\/wp-content\/uploads\/2025\/04\/77a1c4c9d3b0e55ccee8deef24b44c8fa458745a-scaled.jpg&#039;);\" >\n    <div class=\"container\">\n    \n<div class=\"row align-items-center\">\n  \n<div class=\"block-column col-12 col-lg-6\">\n  \n\n<h2 class=\"wp-block-heading mb-4 has-bootstrap-primary-color has-text-color has-link-color has-large-font-size wp-elements-905be0193b9bf3f88843387e1b185d2a\">Expertise sectorielle<\/h2>\n\n\n\n<p>Halltech Inc. a une longue histoire en tant que leader dans le d\u00e9veloppement et la fabrication d&#039;adh\u00e9sifs industriels de haute qualit\u00e9 destin\u00e9s \u00e0 \u00eatre utilis\u00e9s dans une vari\u00e9t\u00e9 d&#039;applications allant de l&#039;emballage, du travail du bois, de la construction, de la conversion du papier, du laminage de sacs et des syst\u00e8mes d&#039;enveloppes\/publipostage.<\/p>\n\n\n<\/div>\n\n\n<div class=\"block-column col-12 col-lg-6 col-xl-5 offset-xl-1\">\n  \n<div class=\"block-alignment-container right\">\n  \n\n<figure class=\"wp-block-image size-large\"><img loading=\"lazy\" decoding=\"async\" width=\"1024\" height=\"512\" src=\"https:\/\/halltech.webstaging.ca\/wp-content\/uploads\/2025\/04\/796d5374ed933fb7b67e7d5b4a04983cd18f161c-1024x512.png\" alt=\"\" class=\"wp-image-126\" style=\"aspect-ratio:1;object-fit:cover\" srcset=\"https:\/\/halltech.webstaging.ca\/wp-content\/uploads\/2025\/04\/796d5374ed933fb7b67e7d5b4a04983cd18f161c-1024x512.png 1024w, https:\/\/halltech.webstaging.ca\/wp-content\/uploads\/2025\/04\/796d5374ed933fb7b67e7d5b4a04983cd18f161c-300x150.png 300w, https:\/\/halltech.webstaging.ca\/wp-content\/uploads\/2025\/04\/796d5374ed933fb7b67e7d5b4a04983cd18f161c-768x384.png 768w, https:\/\/halltech.webstaging.ca\/wp-content\/uploads\/2025\/04\/796d5374ed933fb7b67e7d5b4a04983cd18f161c-1536x768.png 1536w, https:\/\/halltech.webstaging.ca\/wp-content\/uploads\/2025\/04\/796d5374ed933fb7b67e7d5b4a04983cd18f161c-2048x1024.png 2048w, https:\/\/halltech.webstaging.ca\/wp-content\/uploads\/2025\/04\/796d5374ed933fb7b67e7d5b4a04983cd18f161c-18x9.png 18w, https:\/\/halltech.webstaging.ca\/wp-content\/uploads\/2025\/04\/796d5374ed933fb7b67e7d5b4a04983cd18f161c-440x220.png 440w\" sizes=\"auto, (max-width: 1024px) 100vw, 1024px\" \/><\/figure>\n\n\n<\/div>\n\n\n<\/div>\n\n\n<\/div>\n\n\n  <\/div>\n<\/section>\n\n\n<section class=\"block-container pt-5 pb-4\">\n    <div class=\"container\">\n    \n<div class=\"row\">\n  \n<div class=\"block-column col-12 col-lg-4\">\n  \n<div class=\"block-alignment-container center\">\n  \n<div class=\"padding-container ps-2 pe-2\">\n  \n<div class=\"block-icon\">\n  <div class=\"bg-linear-gradient\">\n    <img decoding=\"async\" src=\"https:\/\/halltech.webstaging.ca\/wp-content\/uploads\/2025\/05\/wood-beam.svg\" alt=\"\">\n  <\/div>\n<\/div>\n\n\n\n<h2 class=\"wp-block-heading has-bootstrap-dark-color has-text-color has-link-color has-medium-font-size wp-elements-af9df54e4fcf959f56a7c8be468157a8\"><a href=\"https:\/\/halltech.webstaging.ca\/fr\/our-products\/industry-expertise\/wood\/\" data-type=\"page\" data-id=\"267\">Bois<\/a><\/h2>\n\n\n\n<div style=\"height:30px\" aria-hidden=\"true\" class=\"wp-block-spacer\"><\/div>\n\n\n<\/div>\n\n\n<\/div>\n\n\n<\/div>\n\n\n<div class=\"block-column col-12 col-lg-4\">\n  \n<div class=\"block-alignment-container center\">\n  \n<div class=\"padding-container ps-2 pe-2\">\n  \n<div class=\"block-icon\">\n  <div class=\"bg-linear-gradient\">\n    <img decoding=\"async\" src=\"https:\/\/halltech.webstaging.ca\/wp-content\/uploads\/2025\/05\/package.svg\" alt=\"\">\n  <\/div>\n<\/div>\n\n\n\n<h2 class=\"wp-block-heading has-bootstrap-dark-color has-text-color has-link-color has-medium-font-size wp-elements-c234f03253e21d06a71631e6331c229e\"><a href=\"https:\/\/halltech.webstaging.ca\/fr\/our-products\/industry-expertise\/packaging\/\" data-type=\"page\" data-id=\"269\">Conditionnement<\/a><\/h2>\n\n\n\n<div style=\"height:30px\" aria-hidden=\"true\" class=\"wp-block-spacer\"><\/div>\n\n\n<\/div>\n\n\n<\/div>\n\n\n<\/div>\n\n\n<div class=\"block-column col-12 col-lg-4\">\n  \n<div class=\"block-alignment-container center\">\n  \n<div class=\"padding-container ps-2 pe-2\">\n  \n<div class=\"block-icon\">\n  <div class=\"bg-linear-gradient\">\n    <img decoding=\"async\" src=\"https:\/\/halltech.webstaging.ca\/wp-content\/uploads\/2025\/05\/paper-fold.svg\" alt=\"\">\n  <\/div>\n<\/div>\n\n\n\n<h2 class=\"wp-block-heading has-bootstrap-dark-color has-text-color has-link-color has-medium-font-size wp-elements-cf9ebab8febc2d52397d175aed139405\"><a href=\"https:\/\/halltech.webstaging.ca\/fr\/our-products\/industry-expertise\/paper-converting\/\" data-type=\"page\" data-id=\"271\">Conversion de papier<\/a><\/h2>\n\n\n\n<div style=\"height:30px\" aria-hidden=\"true\" class=\"wp-block-spacer\"><\/div>\n\n\n<\/div>\n\n\n<\/div>\n\n\n<\/div>\n\n\n<\/div>\n\n\n<div class=\"row\">\n  \n<div class=\"block-column col-12 col-lg-4 offset-lg-2\">\n  \n<div class=\"block-alignment-container center\">\n  \n<div class=\"padding-container ps-2 pe-2\">\n  \n<div class=\"block-icon\">\n  <div class=\"bg-linear-gradient\">\n    <img decoding=\"async\" src=\"https:\/\/halltech.webstaging.ca\/wp-content\/uploads\/2025\/05\/envelope.svg\" alt=\"\">\n  <\/div>\n<\/div>\n\n\n\n<h2 class=\"wp-block-heading has-bootstrap-dark-color has-text-color has-link-color has-medium-font-size wp-elements-1aff7fb4216707f171a6aaa17038d89b\"><a href=\"https:\/\/halltech.webstaging.ca\/fr\/our-products\/industry-expertise\/envelope\/\" data-type=\"page\" data-id=\"273\">Enveloppe<\/a><\/h2>\n\n\n\n<div style=\"height:30px\" aria-hidden=\"true\" class=\"wp-block-spacer\"><\/div>\n\n\n<\/div>\n\n\n<\/div>\n\n\n<\/div>\n\n\n<div class=\"block-column col-12 col-lg-4\">\n  \n<div class=\"block-alignment-container center\">\n  \n<div class=\"padding-container ps-2 pe-2\">\n  \n<div class=\"block-icon\">\n  <div class=\"bg-linear-gradient\">\n    <img decoding=\"async\" src=\"https:\/\/halltech.webstaging.ca\/wp-content\/uploads\/2025\/05\/cement-truck.svg\" alt=\"\">\n  <\/div>\n<\/div>\n\n\n\n<h2 class=\"wp-block-heading has-bootstrap-dark-color has-text-color has-link-color has-medium-font-size wp-elements-51570c22d5e7bd6d26d0191a64fc7d93\"><a href=\"https:\/\/halltech.webstaging.ca\/fr\/our-products\/industry-expertise\/construction-laminating\/\" data-type=\"page\" data-id=\"275\">Construction \/ Laminage<\/a><\/h2>\n\n\n\n<div style=\"height:30px\" aria-hidden=\"true\" class=\"wp-block-spacer\"><\/div>\n\n\n<\/div>\n\n\n<\/div>\n\n\n<\/div>\n\n\n<\/div>\n\n\n  <\/div>\n<\/section>\n\n\n<section class=\"block-container bg-primary pt-5 pb-5\" style=\"background:linear-gradient(0deg, rgba(214, 6, 6, 0.8), rgba(214, 6, 6, 0.8)), url(https:\/\/halltech.webstaging.ca\/wp-content\/uploads\/2025\/04\/e6c7642da0bf9ae8e5f3043f3bbdc71130756bd6.png);\" >\n    <div class=\"container\">\n    \n<div class=\"row\">\n  \n<div class=\"block-column col-12 col-md-10 col-lg-8 col-xl-6 offset-md-1 offset-lg-2 offset-xl-3\">\n  \n\n<h2 class=\"wp-block-heading has-text-align-center has-bootstrap-light-color has-text-color has-link-color wp-elements-64ae379d5e404a7dc39e87748eaa2451\" style=\"font-style:normal;font-weight:300\">Des d\u00e9cennies d&#039;expertise. Des solutions de pointe.<\/h2>\n\n\n\n<p class=\"has-text-align-center mb-0 has-bootstrap-light-color has-text-color has-link-color has-large-font-size wp-elements-c1a2962d76bb7ce41bf47f7df91a08b1\" style=\"font-style:normal;font-weight:300\">Avec plus de 70 ans d\u2019innovation, Halltech Inc. fournit des \u00e9mulsions polym\u00e8res et des adh\u00e9sifs avanc\u00e9s adapt\u00e9s pour r\u00e9pondre aux demandes \u00e9volutives des industries du monde entier.<\/p>\n\n\n<\/div>\n\n\n<\/div>\n\n\n  <\/div>\n<\/section>\n\n\n<section class=\"block-container pt-5 pb-4\">\n    <div class=\"container\">\n    \n<div class=\"row\">\n  \n<div class=\"block-column col-12 col-lg-6\">\n  \n\n<h2 class=\"wp-block-heading mb-3 has-bootstrap-primary-color has-text-color has-link-color has-medium-font-size wp-elements-02d2e963ae7f042c5184761c5aa0362e\">Production \u00e9volutive et port\u00e9e mondiale<\/h2>\n\n\n\n<p>Avec plus de 7\u00a0700 m\u00b2 d&#039;espace de production et d&#039;entreposage, nous avons la capacit\u00e9 de produire plus de 34 millions de kilos de produits par an, ce qui nous permet de r\u00e9pondre aux besoins de tous les secteurs. Nos solutions d&#039;emballage flexibles s&#039;\u00e9tendent des petits seaux aux exp\u00e9ditions en vrac, offrant \u00e0 nos clients le volume adapt\u00e9 \u00e0 leurs besoins.<\/p>\n\n\n\n<p><strong>Nous sommes fiers de servir des clients partout en Am\u00e9rique du Nord et d\u2019exporter vers l\u2019Europe, l\u2019Asie et l\u2019Australie, fournissant des \u00e9mulsions polym\u00e8res et des adh\u00e9sifs de haute qualit\u00e9 dans le monde entier.<\/strong><\/p>\n\n\n<\/div>\n\n\n<div class=\"block-column col-12 col-lg-6\">\n  \n\n<h2 class=\"wp-block-heading mb-3 has-bootstrap-primary-color has-text-color has-link-color has-medium-font-size wp-elements-715ee6ad7e7d37adf2f9d8b7a30c1ad0\">Un h\u00e9ritage d&#039;innovation et de croissance<\/h2>\n\n\n\n<p>Halltech Inc. est un fabricant de confiance d&#039;\u00e9mulsions de polym\u00e8res et d&#039;adh\u00e9sifs industriels certifi\u00e9 ISO 9001. L&#039;entreprise poss\u00e8de une usine ultramoderne de 18 acres \u00e0 Toronto, au Canada, ainsi qu&#039;un r\u00e9seau de vente et d&#039;entreposage d\u00e9di\u00e9 au Qu\u00e9bec. Nos origines remontent \u00e0 1934, ann\u00e9e de notre entr\u00e9e sur le march\u00e9 ontarien sous le nom de Stein-Hall Limit\u00e9e. En 1981, Halltech Inc. a \u00e9t\u00e9 officiellement fond\u00e9e, perp\u00e9tuant ainsi une tradition d&#039;excellence dans la fabrication de produits chimiques. En 1984, nous avons \u00e9largi notre port\u00e9e en acqu\u00e9rant Polycol, un fabricant d&#039;adh\u00e9sifs r\u00e9put\u00e9 au Qu\u00e9bec depuis 1965. Son engagement envers la qualit\u00e9 et le service \u00e0 la client\u00e8le en a fait un ajout naturel \u00e0 la famille Halltech, renfor\u00e7ant ainsi notre pr\u00e9sence sur le march\u00e9 canadien.<\/p>\n\n\n<\/div>\n\n\n<\/div>\n\n\n  <\/div>\n<\/section>\n\n\n<section class=\"block-container mb-5\">\n    <div class=\"container\">\n    \n<div class=\"row\">\n  \n<div class=\"block-column col-12 col-md-10 col-xl-8 offset-md-1 offset-xl-2\">\n  \n\n<h2 class=\"wp-block-heading has-text-align-center mb-3 has-bootstrap-primary-color has-text-color has-link-color wp-elements-4f8db15eb893124893dbef1a30b5d431\">Ressources<\/h2>\n\n\n<section class=\"documents-table mb-3\">\n    <table class=\"table align-middle\">\n      <tr>\n                  <th class=\"bg-primary text-light\">Nom du produit<\/th>\n                          <th class=\"bg-primary text-light text-end\">TDS<\/th>\n              <\/tr>\n              <tr>\n                      <td>TDS-Supergrip-1193<\/td>\n                                <td class=\"text-end\"><a class=\"btn btn-sm btn-primary\" href=\"https:\/\/halltech.webstaging.ca\/wp-content\/uploads\/2025\/05\/TDS-Supergrip-1193.pdf\" target=\"_blank\">Voir \/ T\u00e9l\u00e9charger<\/a><\/td>\n                  <\/tr>\n              <tr>\n                      <td>TDS-Supergrip-1103-V4<\/td>\n                                <td class=\"text-end\"><a class=\"btn btn-sm btn-primary\" href=\"https:\/\/halltech.webstaging.ca\/wp-content\/uploads\/2025\/05\/TDS-Supergrip-1103-V4.pdf\" target=\"_blank\">Voir \/ T\u00e9l\u00e9charger<\/a><\/td>\n                  <\/tr>\n              <tr>\n                      <td>TDS-Resicol-360<\/td>\n                                <td class=\"text-end\"><a class=\"btn btn-sm btn-primary\" href=\"https:\/\/halltech.webstaging.ca\/wp-content\/uploads\/2025\/05\/TDS-Resicol-360.pdf\" target=\"_blank\">Voir \/ T\u00e9l\u00e9charger<\/a><\/td>\n                  <\/tr>\n              <tr>\n                      <td>TDS-HP-2-516C<\/td>\n                                <td class=\"text-end\"><a class=\"btn btn-sm btn-primary\" href=\"https:\/\/halltech.webstaging.ca\/wp-content\/uploads\/2025\/05\/TDS-HP-2-516C.pdf\" target=\"_blank\">Voir \/ T\u00e9l\u00e9charger<\/a><\/td>\n                  <\/tr>\n              <tr>\n                      <td>TDS-HT-3299-M-Vert<\/td>\n                                <td class=\"text-end\"><a class=\"btn btn-sm btn-primary\" href=\"https:\/\/halltech.webstaging.ca\/wp-content\/uploads\/2025\/05\/TDS-HT-3299-M-Green.pdf\" target=\"_blank\">Voir \/ T\u00e9l\u00e9charger<\/a><\/td>\n                  <\/tr>\n              <tr>\n                      <td>TDS-HT-2586-V30-HS<\/td>\n                                <td class=\"text-end\"><a class=\"btn btn-sm btn-primary\" href=\"https:\/\/halltech.webstaging.ca\/wp-content\/uploads\/2025\/05\/TDS-HT-2586-V30-HS.pdf\" target=\"_blank\">Voir \/ T\u00e9l\u00e9charger<\/a><\/td>\n                  <\/tr>\n              <tr>\n                      <td>TDS-Pro-766<\/td>\n                                <td class=\"text-end\"><a class=\"btn btn-sm btn-primary\" href=\"https:\/\/halltech.webstaging.ca\/wp-content\/uploads\/2025\/05\/TDS-Pro-766.pdf\" target=\"_blank\">Voir \/ T\u00e9l\u00e9charger<\/a><\/td>\n                  <\/tr>\n              <tr>\n                      <td>TDS-Pro-500<\/td>\n                                <td class=\"text-end\"><a class=\"btn btn-sm btn-primary\" href=\"https:\/\/halltech.webstaging.ca\/wp-content\/uploads\/2025\/05\/TDS-Pro-500.pdf\" target=\"_blank\">Voir \/ T\u00e9l\u00e9charger<\/a><\/td>\n                  <\/tr>\n          <\/table>\n  <\/section>\n\n\n<\/div>\n\n\n<\/div>\n\n\n  <\/div>\n<\/section>","protected":false},"excerpt":{"rendered":"","protected":false},"author":1,"featured_media":0,"parent":150,"menu_order":0,"comment_status":"closed","ping_status":"closed","template":"template-full-width.blade.php","meta":{"_acf_changed":false,"footnotes":""},"class_list":["post-22","page","type-page","status-publish","hentry"],"acf":[],"_links":{"self":[{"href":"https:\/\/halltech.webstaging.ca\/fr\/wp-json\/wp\/v2\/pages\/22","targetHints":{"allow":["GET"]}}],"collection":[{"href":"https:\/\/halltech.webstaging.ca\/fr\/wp-json\/wp\/v2\/pages"}],"about":[{"href":"https:\/\/halltech.webstaging.ca\/fr\/wp-json\/wp\/v2\/types\/page"}],"author":[{"embeddable":true,"href":"https:\/\/halltech.webstaging.ca\/fr\/wp-json\/wp\/v2\/users\/1"}],"replies":[{"embeddable":true,"href":"https:\/\/halltech.webstaging.ca\/fr\/wp-json\/wp\/v2\/comments?post=22"}],"version-history":[{"count":8,"href":"https:\/\/halltech.webstaging.ca\/fr\/wp-json\/wp\/v2\/pages\/22\/revisions"}],"predecessor-version":[{"id":283,"href":"https:\/\/halltech.webstaging.ca\/fr\/wp-json\/wp\/v2\/pages\/22\/revisions\/283"}],"up":[{"embeddable":true,"href":"https:\/\/halltech.webstaging.ca\/fr\/wp-json\/wp\/v2\/pages\/150"}],"wp:attachment":[{"href":"https:\/\/halltech.webstaging.ca\/fr\/wp-json\/wp\/v2\/media?parent=22"}],"curies":[{"name":"wp","href":"https:\/\/api.w.org\/{rel}","templated":true}]}}