{"id":20,"date":"2025-04-22T13:30:53","date_gmt":"2025-04-22T13:30:53","guid":{"rendered":"https:\/\/halltech.webstaging.ca\/?page_id=20"},"modified":"2025-05-13T15:48:17","modified_gmt":"2025-05-13T15:48:17","slug":"polymer-emulsions","status":"publish","type":"page","link":"https:\/\/halltech.webstaging.ca\/fr\/our-products\/polymer-emulsions\/","title":{"rendered":"\u00c9mulsions de polym\u00e8res"},"content":{"rendered":"<section class=\"block-container pt-4 pb-4\" style=\"background-image: url(&#039;https:\/\/halltech.webstaging.ca\/wp-content\/uploads\/2025\/04\/77a1c4c9d3b0e55ccee8deef24b44c8fa458745a-scaled.jpg&#039;);\" >\n    <div class=\"container\">\n    \n<div class=\"row align-items-center\">\n  \n<div class=\"block-column col-12 col-lg-6\">\n  \n\n<h2 class=\"wp-block-heading mb-4 has-bootstrap-primary-color has-text-color has-link-color has-large-font-size wp-elements-525abb91d8aae13d738ffb9e6da3a018\">\u00c9mulsions de polym\u00e8res<\/h2>\n\n\n\n<p>Halltech Inc. propose une large gamme d&#039;\u00e9mulsions polym\u00e8res haute performance sp\u00e9cialement formul\u00e9es pour une utilisation dans les rev\u00eatements, les peintures, les adh\u00e9sifs, les textiles non tiss\u00e9s, le papier, la construction de b\u00e2timents et d&#039;autres mat\u00e9riaux sp\u00e9cialis\u00e9s qui vous aident \u00e0 am\u00e9liorer vos produits et vos processus.<\/p>\n\n\n<\/div>\n\n\n<div class=\"block-column col-12 col-lg-6 col-xl-5 offset-xl-1\">\n  \n<div class=\"block-alignment-container right\">\n  \n<div class=\"accent-image\">\n    <div>\n      <img loading=\"lazy\" decoding=\"async\" width=\"440\" height=\"308\" src=\"https:\/\/halltech.webstaging.ca\/wp-content\/uploads\/2025\/04\/78cfbcf87a4dbe6a4471116cfb8c30bde662f576-440x308.png\" class=\"attachment-halltech2025-accent-image size-halltech2025-accent-image\" alt=\"\" srcset=\"https:\/\/halltech.webstaging.ca\/wp-content\/uploads\/2025\/04\/78cfbcf87a4dbe6a4471116cfb8c30bde662f576-440x308.png 440w, https:\/\/halltech.webstaging.ca\/wp-content\/uploads\/2025\/04\/78cfbcf87a4dbe6a4471116cfb8c30bde662f576-300x210.png 300w, https:\/\/halltech.webstaging.ca\/wp-content\/uploads\/2025\/04\/78cfbcf87a4dbe6a4471116cfb8c30bde662f576-1024x718.png 1024w, https:\/\/halltech.webstaging.ca\/wp-content\/uploads\/2025\/04\/78cfbcf87a4dbe6a4471116cfb8c30bde662f576-768x538.png 768w, https:\/\/halltech.webstaging.ca\/wp-content\/uploads\/2025\/04\/78cfbcf87a4dbe6a4471116cfb8c30bde662f576-1536x1076.png 1536w, https:\/\/halltech.webstaging.ca\/wp-content\/uploads\/2025\/04\/78cfbcf87a4dbe6a4471116cfb8c30bde662f576-18x12.png 18w, https:\/\/halltech.webstaging.ca\/wp-content\/uploads\/2025\/04\/78cfbcf87a4dbe6a4471116cfb8c30bde662f576.png 2045w\" sizes=\"auto, (max-width: 440px) 100vw, 440px\" \/>\n    <\/div>\n  <\/div>\n\n\n<\/div>\n\n\n<\/div>\n\n\n<\/div>\n\n\n  <\/div>\n<\/section>\n\n\n<section class=\"block-container pt-5 pb-4\">\n    <div class=\"container\">\n    \n<div class=\"row\">\n  \n<div class=\"block-column col-12 col-lg-4\">\n  \n<div class=\"block-alignment-container center\">\n  \n<div class=\"padding-container ps-2 pe-2\">\n  \n<div class=\"block-icon\">\n  <div class=\"bg-linear-gradient\">\n    <img decoding=\"async\" src=\"https:\/\/halltech.webstaging.ca\/wp-content\/uploads\/2025\/05\/paint.svg\" alt=\"\">\n  <\/div>\n<\/div>\n\n\n\n<h2 class=\"wp-block-heading has-bootstrap-dark-color has-text-color has-link-color has-medium-font-size wp-elements-9e4d6c9e89875691ebaee5d3d6749d2f\"><a href=\"https:\/\/halltech.webstaging.ca\/fr\/our-products\/polymer-emulsions\/paints-coatings\/\" data-type=\"page\" data-id=\"228\">Peintures et rev\u00eatements<\/a><\/h2>\n\n\n\n<div style=\"height:30px\" aria-hidden=\"true\" class=\"wp-block-spacer\"><\/div>\n\n\n<\/div>\n\n\n<\/div>\n\n\n<\/div>\n\n\n<div class=\"block-column col-12 col-lg-4\">\n  \n<div class=\"block-alignment-container center\">\n  \n<div class=\"padding-container ps-2 pe-2\">\n  \n<div class=\"block-icon\">\n  <div class=\"bg-linear-gradient\">\n    <img decoding=\"async\" src=\"https:\/\/halltech.webstaging.ca\/wp-content\/uploads\/2025\/05\/cement-truck.svg\" alt=\"\">\n  <\/div>\n<\/div>\n\n\n\n<h2 class=\"wp-block-heading has-bootstrap-dark-color has-text-color has-link-color has-medium-font-size wp-elements-4f39c6d53d450e7b585154ad643fda23\"><a href=\"https:\/\/halltech.webstaging.ca\/fr\/our-products\/polymer-emulsions\/joint-cement-compound\/\" data-type=\"page\" data-id=\"230\">Compos\u00e9 de ciment pour joints<\/a><\/h2>\n\n\n\n<div style=\"height:30px\" aria-hidden=\"true\" class=\"wp-block-spacer\"><\/div>\n\n\n<\/div>\n\n\n<\/div>\n\n\n<\/div>\n\n\n<div class=\"block-column col-12 col-lg-4\">\n  \n<div class=\"block-alignment-container center\">\n  \n<div class=\"padding-container ps-2 pe-2\">\n  \n<div class=\"block-icon\">\n  <div class=\"bg-linear-gradient\">\n    <img decoding=\"async\" src=\"https:\/\/halltech.webstaging.ca\/wp-content\/uploads\/2025\/05\/concrete-sand-bag.svg\" alt=\"\">\n  <\/div>\n<\/div>\n\n\n\n<h2 class=\"wp-block-heading has-bootstrap-dark-color has-text-color has-link-color has-medium-font-size wp-elements-3c66b38534dadc6f8f5b124a6a3bc787\"><a href=\"https:\/\/halltech.webstaging.ca\/fr\/our-products\/polymer-emulsions\/concrete\/\" data-type=\"page\" data-id=\"232\">B\u00e9ton<\/a><\/h2>\n\n\n\n<div style=\"height:30px\" aria-hidden=\"true\" class=\"wp-block-spacer\"><\/div>\n\n\n<\/div>\n\n\n<\/div>\n\n\n<\/div>\n\n\n<\/div>\n\n\n<div class=\"row\">\n  \n<div class=\"block-column col-12 col-lg-4 offset-lg-2\">\n  \n<div class=\"block-alignment-container center\">\n  \n<div class=\"padding-container ps-2 pe-2\">\n  \n<div class=\"block-icon\">\n  <div class=\"bg-linear-gradient\">\n    <img decoding=\"async\" src=\"https:\/\/halltech.webstaging.ca\/wp-content\/themes\/halltech2025\/resources\/images\/icons\/tape.svg\" alt=\"Tape.\">\n  <\/div>\n<\/div>\n\n\n\n<h2 class=\"wp-block-heading has-bootstrap-dark-color has-text-color has-link-color has-medium-font-size wp-elements-241baf7a6b377fd5f86687e8a7a2e254\"><a href=\"https:\/\/halltech.webstaging.ca\/fr\/our-products\/polymer-emulsions\/adhesive-bases\/\" data-type=\"page\" data-id=\"234\">Bases adh\u00e9sives<\/a><\/h2>\n\n\n\n<div style=\"height:30px\" aria-hidden=\"true\" class=\"wp-block-spacer\"><\/div>\n\n\n<\/div>\n\n\n<\/div>\n\n\n<\/div>\n\n\n<div class=\"block-column col-12 col-lg-4\">\n  \n<div class=\"block-alignment-container center\">\n  \n<div class=\"padding-container ps-2 pe-2\">\n  \n<div class=\"block-icon\">\n  <div class=\"bg-linear-gradient\">\n    <img decoding=\"async\" src=\"https:\/\/halltech.webstaging.ca\/wp-content\/uploads\/2025\/05\/industry-svgrepo-com.svg\" alt=\"\">\n  <\/div>\n<\/div>\n\n\n\n<h2 class=\"wp-block-heading has-bootstrap-dark-color has-text-color has-link-color has-medium-font-size wp-elements-6e42551fb215e3d98bb45fa1235c49a8\"><a href=\"https:\/\/halltech.webstaging.ca\/fr\/our-products\/polymer-emulsions\/specialty-applications\/\" data-type=\"page\" data-id=\"236\">Applications sp\u00e9cialis\u00e9es<\/a><\/h2>\n\n\n\n<div style=\"height:30px\" aria-hidden=\"true\" class=\"wp-block-spacer\"><\/div>\n\n\n<\/div>\n\n\n<\/div>\n\n\n<\/div>\n\n\n<\/div>\n\n\n  <\/div>\n<\/section>\n\n\n<section class=\"block-container bg-primary pt-5 pb-5\" style=\"background:linear-gradient(0deg, rgba(214, 6, 6, 0.8), rgba(214, 6, 6, 0.8)), url(https:\/\/halltech.webstaging.ca\/wp-content\/uploads\/2025\/04\/e6c7642da0bf9ae8e5f3043f3bbdc71130756bd6.png);\" >\n    <div class=\"container\">\n    \n<div class=\"row\">\n  \n<div class=\"block-column col-12 col-md-10 col-lg-8 col-xl-6 offset-md-1 offset-lg-2 offset-xl-3\">\n  \n\n<h2 class=\"wp-block-heading has-text-align-center has-bootstrap-light-color has-text-color has-link-color wp-elements-e2b72f7909e45913de9f7570084966dc\" style=\"font-style:normal;font-weight:300\">Con\u00e7u pour la r\u00e9sistance. Con\u00e7u pour la polyvalence.<\/h2>\n\n\n\n<p class=\"has-text-align-center mb-0 has-bootstrap-light-color has-text-color has-link-color has-large-font-size wp-elements-465f494787fbd18d43f613d724270fc9\" style=\"font-style:normal;font-weight:300\">Nos \u00e9mulsions polym\u00e8res hautes performances offrent une adh\u00e9rence, une durabilit\u00e9 et une flexibilit\u00e9 sup\u00e9rieures pour les rev\u00eatements, les adh\u00e9sifs et les applications sp\u00e9cialis\u00e9es.<\/p>\n\n\n<\/div>\n\n\n<\/div>\n\n\n  <\/div>\n<\/section>\n\n\n<section class=\"block-container pt-5 pb-4\">\n    <div class=\"container\">\n    \n<div class=\"row\">\n  \n<div class=\"block-column col-12 col-lg-6\">\n  \n\n<h2 class=\"wp-block-heading mb-3 has-bootstrap-primary-color has-text-color has-link-color has-medium-font-size wp-elements-5e65a032dd652fca1f29f92288b0fa55\">\u00c9mulsions polym\u00e8res diverses adapt\u00e9es \u00e0 des applications sp\u00e9cialis\u00e9es<\/h2>\n\n\n\n<ul class=\"wp-block-list\">\n<li>\u00c9mulsion de latex pour la fabrication de compos\u00e9s de ciment pour joints<\/li>\n\n\n\n<li>\u00c9mulsion vinylique\/acrylique pour la fabrication de peintures architecturales ou de rev\u00eatements tumescents<\/li>\n\n\n\n<li>\u00c9mulsion vinylique\/acrylique pour la fabrication de peintures architecturales \u00e0 faible teneur en COV<\/li>\n\n\n\n<li>\u00c9mulsion vinyle\/Veova pour la fabrication de peintures et rev\u00eatements ext\u00e9rieurs<\/li>\n\n\n\n<li>\u00c9mulsion de copolym\u00e8re pour la fabrication d&#039;adh\u00e9sifs sp\u00e9ciaux<\/li>\n\n\n\n<li>\u00c9mulsion d&#039;homopolym\u00e8re pour la fabrication d&#039;adh\u00e9sifs sp\u00e9ciaux pour le travail du bois et les rev\u00eatements de sol<\/li>\n\n\n\n<li>\u00c9mulsion d&#039;homopolym\u00e8re pour la fabrication d&#039;adh\u00e9sifs sp\u00e9ciaux<\/li>\n\n\n\n<li>\u00c9mulsion compatible avec la dextrine pour la fabrication de gommes pour sceller les enveloppes<\/li>\n<\/ul>\n\n\n<\/div>\n\n\n<div class=\"block-column col-12 col-lg-6\">\n  \n\n<h2 class=\"wp-block-heading mb-3 has-bootstrap-primary-color has-text-color has-link-color has-medium-font-size wp-elements-270174a1dd28a752ab9ce469f5792d9b\">\u00c9mulsions polym\u00e8res polyvalentes pour rev\u00eatements, adh\u00e9sifs et applications sp\u00e9cialis\u00e9es<\/h2>\n\n\n\n<ul class=\"wp-block-list\">\n<li>\u00c9mulsion d&#039;homopolym\u00e8re pour la fabrication d&#039;adh\u00e9sifs g\u00e9n\u00e9raux pour le travail du bois<\/li>\n\n\n\n<li>Cette \u00e9mulsion peut \u00e9galement \u00eatre utilis\u00e9e pour des applications de thermoscellage et comme appr\u00eat pour b\u00e9ton.<\/li>\n\n\n\n<li>Utilis\u00e9 dans la fabrication de rev\u00eatements muraux \u00e9lastom\u00e8res<\/li>\n\n\n\n<li>Utilis\u00e9 dans la fabrication de rev\u00eatements \u00e9lastom\u00e8res pour les applications de toiture et de barri\u00e8re<\/li>\n\n\n\n<li>\u00c9mulsion non jaunissante pour la fabrication de rev\u00eatements de pav\u00e9s et de pierres autobloquantes<\/li>\n\n\n\n<li>\u00c9mulsion non gonflante pour la fabrication de rev\u00eatements pour cartons et ma\u00e7onneries<\/li>\n\n\n\n<li>Utilis\u00e9 dans la fabrication de voiles de verre et pour certaines applications textiles<\/li>\n\n\n\n<li>Utilis\u00e9 dans la fabrication d&#039;adh\u00e9sifs pour carreaux de c\u00e9ramique<\/li>\n<\/ul>\n\n\n<\/div>\n\n\n<\/div>\n\n\n  <\/div>\n<\/section>\n\n\n<section class=\"block-container mb-5\">\n    <div class=\"container\">\n    \n<div class=\"row\">\n  \n<div class=\"block-column col-12 col-md-10 col-xl-8 offset-md-1 offset-xl-2\">\n  \n\n<h2 class=\"wp-block-heading has-text-align-center mb-3 has-bootstrap-primary-color has-text-color has-link-color wp-elements-4f8db15eb893124893dbef1a30b5d431\">Ressources<\/h2>\n\n\n<section class=\"documents-table mb-3\">\n    <table class=\"table align-middle\">\n      <tr>\n                  <th class=\"bg-primary text-light\">Nom du produit<\/th>\n                          <th class=\"bg-primary text-light text-end\">TDS<\/th>\n              <\/tr>\n              <tr>\n                      <td>TDS-HP-9-10-PG<\/td>\n                                <td class=\"text-end\"><a class=\"btn btn-sm btn-primary\" href=\"https:\/\/halltech.webstaging.ca\/wp-content\/uploads\/2025\/05\/TDS-HP-9-10-PG.pdf\" target=\"_blank\">Voir \/ T\u00e9l\u00e9charger<\/a><\/td>\n                  <\/tr>\n              <tr>\n                      <td>TDS-HP-31-316<\/td>\n                                <td class=\"text-end\"><a class=\"btn btn-sm btn-primary\" href=\"https:\/\/halltech.webstaging.ca\/wp-content\/uploads\/2025\/05\/TDS-HP-31-316.pdf\" target=\"_blank\">Voir \/ T\u00e9l\u00e9charger<\/a><\/td>\n                  <\/tr>\n              <tr>\n                      <td>TDS-HP-42-223<\/td>\n                                <td class=\"text-end\"><a class=\"btn btn-sm btn-primary\" href=\"https:\/\/halltech.webstaging.ca\/wp-content\/uploads\/2025\/05\/TDS-HP-42-223.pdf\" target=\"_blank\">Voir \/ T\u00e9l\u00e9charger<\/a><\/td>\n                  <\/tr>\n              <tr>\n                      <td>TDS-HP-42-296<\/td>\n                                <td class=\"text-end\"><a class=\"btn btn-sm btn-primary\" href=\"https:\/\/halltech.webstaging.ca\/wp-content\/uploads\/2025\/05\/TDS-HP-42-296.pdf\" target=\"_blank\">Voir \/ T\u00e9l\u00e9charger<\/a><\/td>\n                  <\/tr>\n              <tr>\n                      <td>TDS-HP-42-1874<\/td>\n                                <td class=\"text-end\"><a class=\"btn btn-sm btn-primary\" href=\"https:\/\/halltech.webstaging.ca\/wp-content\/uploads\/2025\/05\/TDS-HP-42-1874.pdf\" target=\"_blank\">Voir \/ T\u00e9l\u00e9charger<\/a><\/td>\n                  <\/tr>\n              <tr>\n                      <td>TDS-HP-42-1694<\/td>\n                                <td class=\"text-end\"><a class=\"btn btn-sm btn-primary\" href=\"https:\/\/halltech.webstaging.ca\/wp-content\/uploads\/2025\/05\/TDS-HP-42-1694.pdf\" target=\"_blank\">Voir \/ T\u00e9l\u00e9charger<\/a><\/td>\n                  <\/tr>\n              <tr>\n                      <td>TDS-Styrez-2845<\/td>\n                                <td class=\"text-end\"><a class=\"btn btn-sm btn-primary\" href=\"https:\/\/halltech.webstaging.ca\/wp-content\/uploads\/2025\/05\/TDS-Styrez-2845.pdf\" target=\"_blank\">Voir \/ T\u00e9l\u00e9charger<\/a><\/td>\n                  <\/tr>\n              <tr>\n                      <td>TDS-Vinrez-202-AF<\/td>\n                                <td class=\"text-end\"><a class=\"btn btn-sm btn-primary\" href=\"https:\/\/halltech.webstaging.ca\/wp-content\/uploads\/2025\/05\/TDS-Vinrez-202-AF.pdf\" target=\"_blank\">Voir \/ T\u00e9l\u00e9charger<\/a><\/td>\n                  <\/tr>\n              <tr>\n                      <td>TDS-Vinrez-202-AP<\/td>\n                                <td class=\"text-end\"><a class=\"btn btn-sm btn-primary\" href=\"https:\/\/halltech.webstaging.ca\/wp-content\/uploads\/2025\/05\/TDS-Vinrez-202-AP.pdf\" target=\"_blank\">Voir \/ T\u00e9l\u00e9charger<\/a><\/td>\n                  <\/tr>\n              <tr>\n                      <td>TDS-Vinrez-1252<\/td>\n                                <td class=\"text-end\"><a class=\"btn btn-sm btn-primary\" href=\"https:\/\/halltech.webstaging.ca\/wp-content\/uploads\/2025\/05\/TDS-Vinrez-1252.pdf\" target=\"_blank\">Voir \/ T\u00e9l\u00e9charger<\/a><\/td>\n                  <\/tr>\n              <tr>\n                      <td>TDS-Vinrez-663-V15<\/td>\n                                <td class=\"text-end\"><a class=\"btn btn-sm btn-primary\" href=\"https:\/\/halltech.webstaging.ca\/wp-content\/uploads\/2025\/05\/TDS-Vinrez-663-V15.pdf\" target=\"_blank\">Voir \/ T\u00e9l\u00e9charger<\/a><\/td>\n                  <\/tr>\n          <\/table>\n  <\/section>\n\n\n<\/div>\n\n\n<\/div>\n\n\n  <\/div>\n<\/section>","protected":false},"excerpt":{"rendered":"","protected":false},"author":1,"featured_media":0,"parent":150,"menu_order":0,"comment_status":"closed","ping_status":"closed","template":"template-full-width.blade.php","meta":{"_acf_changed":false,"footnotes":""},"class_list":["post-20","page","type-page","status-publish","hentry"],"acf":[],"_links":{"self":[{"href":"https:\/\/halltech.webstaging.ca\/fr\/wp-json\/wp\/v2\/pages\/20","targetHints":{"allow":["GET"]}}],"collection":[{"href":"https:\/\/halltech.webstaging.ca\/fr\/wp-json\/wp\/v2\/pages"}],"about":[{"href":"https:\/\/halltech.webstaging.ca\/fr\/wp-json\/wp\/v2\/types\/page"}],"author":[{"embeddable":true,"href":"https:\/\/halltech.webstaging.ca\/fr\/wp-json\/wp\/v2\/users\/1"}],"replies":[{"embeddable":true,"href":"https:\/\/halltech.webstaging.ca\/fr\/wp-json\/wp\/v2\/comments?post=20"}],"version-history":[{"count":22,"href":"https:\/\/halltech.webstaging.ca\/fr\/wp-json\/wp\/v2\/pages\/20\/revisions"}],"predecessor-version":[{"id":255,"href":"https:\/\/halltech.webstaging.ca\/fr\/wp-json\/wp\/v2\/pages\/20\/revisions\/255"}],"up":[{"embeddable":true,"href":"https:\/\/halltech.webstaging.ca\/fr\/wp-json\/wp\/v2\/pages\/150"}],"wp:attachment":[{"href":"https:\/\/halltech.webstaging.ca\/fr\/wp-json\/wp\/v2\/media?parent=20"}],"curies":[{"name":"wp","href":"https:\/\/api.w.org\/{rel}","templated":true}]}}