{"id":18,"date":"2025-04-22T13:30:31","date_gmt":"2025-04-22T13:30:31","guid":{"rendered":"https:\/\/halltech.webstaging.ca\/?page_id=18"},"modified":"2025-05-15T19:12:17","modified_gmt":"2025-05-15T19:12:17","slug":"about","status":"publish","type":"page","link":"https:\/\/halltech.webstaging.ca\/fr\/about\/","title":{"rendered":"\u00c0 propos de nous"},"content":{"rendered":"<h2 class=\"wp-block-heading has-bootstrap-primary-color has-text-color has-link-color wp-elements-e4a70df09ca7b4b8bf00012bd7576698\">Qui sommes-nous<\/h2>\n\n\n<div class=\"wp-block-image\">\n<figure class=\"alignleft size-large is-resized\"><a href=\"https:\/\/halltech.webstaging.ca\/wp-content\/uploads\/2025\/05\/nikon74803-scaled.jpg\"><img loading=\"lazy\" decoding=\"async\" width=\"1024\" height=\"680\" src=\"https:\/\/halltech.webstaging.ca\/wp-content\/uploads\/2025\/05\/nikon74803-1024x680.jpg\" alt=\"\" class=\"wp-image-205\" style=\"width:382px;height:auto\" srcset=\"https:\/\/halltech.webstaging.ca\/wp-content\/uploads\/2025\/05\/nikon74803-1024x680.jpg 1024w, https:\/\/halltech.webstaging.ca\/wp-content\/uploads\/2025\/05\/nikon74803-300x199.jpg 300w, https:\/\/halltech.webstaging.ca\/wp-content\/uploads\/2025\/05\/nikon74803-768x510.jpg 768w, https:\/\/halltech.webstaging.ca\/wp-content\/uploads\/2025\/05\/nikon74803-1536x1020.jpg 1536w, https:\/\/halltech.webstaging.ca\/wp-content\/uploads\/2025\/05\/nikon74803-2048x1360.jpg 2048w, https:\/\/halltech.webstaging.ca\/wp-content\/uploads\/2025\/05\/nikon74803-18x12.jpg 18w, https:\/\/halltech.webstaging.ca\/wp-content\/uploads\/2025\/05\/nikon74803-440x292.jpg 440w\" sizes=\"auto, (max-width: 1024px) 100vw, 1024px\" \/><\/a><\/figure><\/div>\n\n\n<p>Halltech Inc., avec sa filiale Polycol, est un fabricant canadien d&#039;\u00e9mulsions de polym\u00e8res et d&#039;adh\u00e9sifs industriels.<\/p>\n\n\n\n<p>Ensemble, avec une usine de fabrication \u00e0 la pointe de la technologie, nous sommes en mesure de servir une grande vari\u00e9t\u00e9 d&#039;industries, dans les secteurs de la peinture, des rev\u00eatements et des adh\u00e9sifs, avec des produits \u00e0 prix comp\u00e9titifs dans des volumes aussi bas que des seaux de 20 litres jusqu&#039;aux chargements en vrac de citernes.<\/p>\n\n\n\n<p>Notre force r\u00e9side dans notre Recherche &amp; D\u00e9veloppement, o\u00f9, gr\u00e2ce \u00e0 des solutions innovantes, nous sommes en mesure de formuler des produits adapt\u00e9s aux besoins sp\u00e9cifiques de nos clients.<\/p>\n\n\n\n<p>Notre fiert\u00e9 est notre service client o\u00f9, avec le support technique, tous les efforts sont faits pour garantir que nos clients sont toujours satisfaits et que leurs besoins sont satisfaits.<\/p>\n\n\n\n<p>Avec plus de 70 ans d&#039;exp\u00e9rience en recherche et fabrication, nous sommes devenus un leader reconnu en mati\u00e8re de produits de haute qualit\u00e9 qui d\u00e9passent g\u00e9n\u00e9ralement la satisfaction du client.<\/p>\n\n\n\n<p>Quels que soient vos besoins en mati\u00e8re d\u2019adh\u00e9sif ou d\u2019\u00e9mulsion polym\u00e8re, laissez Halltech \u00eatre votre premier choix.<\/p>\n\n\n\n<p class=\"has-bootstrap-dark-color has-text-color has-link-color wp-elements-6ba723b92e83782a0d83d595d263a71b\"><strong>HALLTECH \u2013 TENEZ-VOUS \u00c0 LA QUALIT\u00c9<\/strong><\/p>\n\n\n\n<h2 class=\"wp-block-heading has-bootstrap-primary-color has-text-color has-link-color wp-elements-21837f06315d358e0492deb67e06cf68\">Notre histoire<\/h2>\n\n\n\n<p>Halltech Inc. est un fabricant ISO-9001 d&#039;\u00e9mulsions de polym\u00e8res et d&#039;adh\u00e9sifs industriels, avec son si\u00e8ge social et son usine de fabrication situ\u00e9s sur un terrain de 18 acres \u00e0 Toronto, au Canada et un bureau de vente, avec entrep\u00f4t, au Qu\u00e9bec.<\/p>\n\n\n\n<p>Halltech Inc. a \u00e9t\u00e9 cr\u00e9\u00e9e en 1981, bien que notre entreprise remonte \u00e0 1934, lorsque l&#039;entreprise est entr\u00e9e pour la premi\u00e8re fois sur le march\u00e9 de l&#039;Ontario, sous le nom de Stein-Hall Limited.<\/p>\n\n\n\n<p>En 1984, Halltech Inc. a rachet\u00e9 Polycol afin d&#039;accro\u00eetre sa pr\u00e9sence sur le march\u00e9 qu\u00e9b\u00e9cois. Polycol fournit des adh\u00e9sifs de qualit\u00e9 au march\u00e9 qu\u00e9b\u00e9cois depuis 1965, et son engagement envers le service \u00e0 la client\u00e8le et la qualit\u00e9 des produits \u00e9tait per\u00e7u comme une \u00e9vidence.<\/p>","protected":false},"excerpt":{"rendered":"<p>Who We are Halltech Inc., along with its subsidiary Polycol, is a Canadian manufacturer of Polymer emulsions and industrial adhesives. Together, with a state of the art manufacturing facility we are able to service a wide variety of industries, in the paint, coatings and adhesive sectors, with competitive priced product in volumes as low as &hellip; <a href=\"https:\/\/halltech.webstaging.ca\/fr\/about\/\">Continued<\/a><\/p>","protected":false},"author":1,"featured_media":0,"parent":0,"menu_order":0,"comment_status":"closed","ping_status":"closed","template":"","meta":{"_acf_changed":false,"footnotes":""},"class_list":["post-18","page","type-page","status-publish","hentry"],"acf":[],"_links":{"self":[{"href":"https:\/\/halltech.webstaging.ca\/fr\/wp-json\/wp\/v2\/pages\/18","targetHints":{"allow":["GET"]}}],"collection":[{"href":"https:\/\/halltech.webstaging.ca\/fr\/wp-json\/wp\/v2\/pages"}],"about":[{"href":"https:\/\/halltech.webstaging.ca\/fr\/wp-json\/wp\/v2\/types\/page"}],"author":[{"embeddable":true,"href":"https:\/\/halltech.webstaging.ca\/fr\/wp-json\/wp\/v2\/users\/1"}],"replies":[{"embeddable":true,"href":"https:\/\/halltech.webstaging.ca\/fr\/wp-json\/wp\/v2\/comments?post=18"}],"version-history":[{"count":11,"href":"https:\/\/halltech.webstaging.ca\/fr\/wp-json\/wp\/v2\/pages\/18\/revisions"}],"predecessor-version":[{"id":316,"href":"https:\/\/halltech.webstaging.ca\/fr\/wp-json\/wp\/v2\/pages\/18\/revisions\/316"}],"wp:attachment":[{"href":"https:\/\/halltech.webstaging.ca\/fr\/wp-json\/wp\/v2\/media?parent=18"}],"curies":[{"name":"wp","href":"https:\/\/api.w.org\/{rel}","templated":true}]}}