{"id":164,"date":"2025-05-05T18:10:15","date_gmt":"2025-05-05T18:10:15","guid":{"rendered":"https:\/\/halltech.webstaging.ca\/?page_id=164"},"modified":"2025-05-15T19:22:12","modified_gmt":"2025-05-15T19:22:12","slug":"sustainability","status":"publish","type":"page","link":"https:\/\/halltech.webstaging.ca\/fr\/sustainability\/","title":{"rendered":"Durabilit\u00e9"},"content":{"rendered":"<div class=\"wp-block-image\">\n<figure class=\"alignright size-large is-resized\"><a href=\"https:\/\/halltech.webstaging.ca\/wp-content\/uploads\/2025\/05\/polymer-emulsions-01-scaled.jpg\"><img loading=\"lazy\" decoding=\"async\" width=\"1024\" height=\"576\" src=\"https:\/\/halltech.webstaging.ca\/wp-content\/uploads\/2025\/05\/polymer-emulsions-01-1024x576.jpg\" alt=\"\" class=\"wp-image-319\" style=\"width:306px;height:auto\" srcset=\"https:\/\/halltech.webstaging.ca\/wp-content\/uploads\/2025\/05\/polymer-emulsions-01-1024x576.jpg 1024w, https:\/\/halltech.webstaging.ca\/wp-content\/uploads\/2025\/05\/polymer-emulsions-01-300x169.jpg 300w, https:\/\/halltech.webstaging.ca\/wp-content\/uploads\/2025\/05\/polymer-emulsions-01-768x432.jpg 768w, https:\/\/halltech.webstaging.ca\/wp-content\/uploads\/2025\/05\/polymer-emulsions-01-1536x864.jpg 1536w, https:\/\/halltech.webstaging.ca\/wp-content\/uploads\/2025\/05\/polymer-emulsions-01-2048x1152.jpg 2048w, https:\/\/halltech.webstaging.ca\/wp-content\/uploads\/2025\/05\/polymer-emulsions-01-18x10.jpg 18w, https:\/\/halltech.webstaging.ca\/wp-content\/uploads\/2025\/05\/polymer-emulsions-01-440x247.jpg 440w\" sizes=\"auto, (max-width: 1024px) 100vw, 1024px\" \/><\/a><\/figure><\/div>\n\n\n<p>Chez Halltech Inc., le d\u00e9veloppement durable est au c\u0153ur de notre innovation. En tant que fabricant au service de divers secteurs \u2013 des adh\u00e9sifs automobiles aux \u00e9mulsions de polym\u00e8res sp\u00e9ciaux \u2013, nous reconnaissons notre responsabilit\u00e9 de d\u00e9velopper des produits qui contribuent \u00e0 un avenir plus vert. Gr\u00e2ce \u00e0 notre laboratoire de recherche et d\u00e9veloppement interne, nous perfectionnons continuellement nos proc\u00e9d\u00e9s afin de minimiser notre impact environnemental tout en maximisant nos performances. En privil\u00e9giant les mat\u00e9riaux \u00e9co-responsables et les solutions durables, nous aidons les industries \u00e0 \u00e9voluer vers un avenir plus responsable et r\u00e9silient.<\/p>","protected":false},"excerpt":{"rendered":"<p>At Halltech Inc., sustainability is at the core of our innovation. As a manufacturer serving diverse industries\u2014from automotive adhesives to specialty polymer emulsions\u2014we recognize our responsibility to develop products that support a greener future. Through our in-house Research &amp; Development Laboratory, we continuously refine our processes to minimize environmental impact while maximizing performance. By prioritizing &hellip; <a href=\"https:\/\/halltech.webstaging.ca\/fr\/sustainability\/\">Continued<\/a><\/p>","protected":false},"author":1,"featured_media":0,"parent":0,"menu_order":0,"comment_status":"closed","ping_status":"closed","template":"","meta":{"_acf_changed":false,"footnotes":""},"class_list":["post-164","page","type-page","status-publish","hentry"],"acf":[],"_links":{"self":[{"href":"https:\/\/halltech.webstaging.ca\/fr\/wp-json\/wp\/v2\/pages\/164","targetHints":{"allow":["GET"]}}],"collection":[{"href":"https:\/\/halltech.webstaging.ca\/fr\/wp-json\/wp\/v2\/pages"}],"about":[{"href":"https:\/\/halltech.webstaging.ca\/fr\/wp-json\/wp\/v2\/types\/page"}],"author":[{"embeddable":true,"href":"https:\/\/halltech.webstaging.ca\/fr\/wp-json\/wp\/v2\/users\/1"}],"replies":[{"embeddable":true,"href":"https:\/\/halltech.webstaging.ca\/fr\/wp-json\/wp\/v2\/comments?post=164"}],"version-history":[{"count":6,"href":"https:\/\/halltech.webstaging.ca\/fr\/wp-json\/wp\/v2\/pages\/164\/revisions"}],"predecessor-version":[{"id":321,"href":"https:\/\/halltech.webstaging.ca\/fr\/wp-json\/wp\/v2\/pages\/164\/revisions\/321"}],"wp:attachment":[{"href":"https:\/\/halltech.webstaging.ca\/fr\/wp-json\/wp\/v2\/media?parent=164"}],"curies":[{"name":"wp","href":"https:\/\/api.w.org\/{rel}","templated":true}]}}