{"id":157,"date":"2025-05-05T18:09:01","date_gmt":"2025-05-05T18:09:01","guid":{"rendered":"https:\/\/halltech.webstaging.ca\/?page_id=157"},"modified":"2025-05-05T18:37:24","modified_gmt":"2025-05-05T18:37:24","slug":"pressure-sensative-adhesives","status":"publish","type":"page","link":"https:\/\/halltech.webstaging.ca\/fr\/our-products\/pressure-sensative-adhesives\/","title":{"rendered":"Adh\u00e9sifs sensibles \u00e0 la pression"},"content":{"rendered":"<section class=\"block-container pt-4 pb-4\" style=\"background-image: url(&#039;https:\/\/halltech.webstaging.ca\/wp-content\/uploads\/2025\/04\/77a1c4c9d3b0e55ccee8deef24b44c8fa458745a-scaled.jpg&#039;);\" >\n    <div class=\"container\">\n    \n<div class=\"row align-items-center\">\n  \n<div class=\"block-column col-12 col-lg-6\">\n  \n\n<h2 class=\"wp-block-heading mb-4 has-bootstrap-primary-color has-text-color has-link-color has-large-font-size wp-elements-237f6b3a27b6eee74c2c49eb60c29acb\">Adh\u00e9sif sensible \u00e0 la pression<\/h2>\n\n\n\n<ul class=\"wp-block-list\">\n<li>PSA \u00e0 usage g\u00e9n\u00e9ral<\/li>\n\n\n\n<li>Plastifiant r\u00e9sistant \u00e0 la migration pour films et \u00e9tiquettes vinyle<\/li>\n\n\n\n<li>\u00e9tiquettes basse temp\u00e9rature pour cong\u00e9lateur jusqu&#039;\u00e0 -50 \u00b0C<\/li>\n\n\n\n<li>\u00e9tiquettes amovibles et repositionnables<\/li>\n\n\n\n<li>\u00e9tiquettes transparentes pour bouteilles et contenants en plastique ou en verre<\/li>\n\n\n\n<li>peut \u00eatre utilis\u00e9 pour fabriquer des adh\u00e9sifs m\u00e9lang\u00e9s ou pour coller des dalles de moquette ou comme PSA \u00e0 usage g\u00e9n\u00e9ral<\/li>\n\n\n\n<li>utilis\u00e9 pour les rouleaux anti-peluches ou pour fabriquer des adh\u00e9sifs m\u00e9lang\u00e9s pour l&#039;emballage<\/li>\n<\/ul>\n\n\n<\/div>\n\n\n<div class=\"block-column col-12 col-lg-6 col-xl-5 offset-xl-1\">\n  \n<div class=\"block-alignment-container right\">\n  \n<div class=\"accent-image\">\n    <div>\n      <img loading=\"lazy\" decoding=\"async\" width=\"252\" height=\"177\" src=\"https:\/\/halltech.webstaging.ca\/wp-content\/uploads\/2025\/05\/pressure-sensitive-adhesives.png\" class=\"attachment-halltech2025-accent-image size-halltech2025-accent-image\" alt=\"\" srcset=\"https:\/\/halltech.webstaging.ca\/wp-content\/uploads\/2025\/05\/pressure-sensitive-adhesives.png 252w, https:\/\/halltech.webstaging.ca\/wp-content\/uploads\/2025\/05\/pressure-sensitive-adhesives-18x12.png 18w\" sizes=\"auto, (max-width: 252px) 100vw, 252px\" \/>\n    <\/div>\n  <\/div>\n\n\n<\/div>\n\n\n<\/div>\n\n\n<\/div>\n\n\n  <\/div>\n<\/section>\n\n\n<section class=\"block-container bg-primary pt-5 pb-5\" style=\"background:linear-gradient(0deg, rgba(214, 6, 6, 0.8), rgba(214, 6, 6, 0.8)), url(https:\/\/halltech.webstaging.ca\/wp-content\/uploads\/2025\/04\/e6c7642da0bf9ae8e5f3043f3bbdc71130756bd6.png);\" >\n    <div class=\"container\">\n    \n<div class=\"row\">\n  \n<div class=\"block-column col-12 col-md-10 col-lg-8 col-xl-6 offset-md-1 offset-lg-2 offset-xl-3\">\n  \n\n<h2 class=\"wp-block-heading has-text-align-center has-bootstrap-light-color has-text-color has-link-color wp-elements-452829cfd9fbeefd1dcf64857f5af61d\" style=\"font-style:normal;font-weight:300\"><strong>Halltech fabriquera des \u00e9mulsions sur mesure pour r\u00e9pondre aux besoins sp\u00e9cifiques du client.<\/strong><\/h2>\n\n\n\n<p class=\"has-text-align-center mb-0 has-bootstrap-light-color has-text-color has-link-color has-large-font-size wp-elements-a90118e8cc5745b5bbcb25792a23f1ab\" style=\"font-style:normal;font-weight:300\">Halltech Inc. produit une gamme compl\u00e8te d&#039;adh\u00e9sifs sensibles \u00e0 la pression \u00e0 base d&#039;eau de haute performance, sp\u00e9cialis\u00e9s pour une utilisation dans les industries de l&#039;emballage, de l&#039;automobile et des biens durables pour les feuilles et les films, les rubans et les \u00e9tiquettes.<\/p>\n\n\n<\/div>\n\n\n<\/div>\n\n\n  <\/div>\n<\/section>\n\n\n<section class=\"block-container pt-5 pb-5\">\n    <div class=\"container\">\n    \n<div class=\"row\">\n  \n<div class=\"block-column col-12 col-md-6 col-lg-4\">\n  \n<div class=\"block-alignment-container center\">\n  \n<div class=\"block-icon\">\n  <div class=\"bg-linear-gradient\">\n    <img decoding=\"async\" src=\"https:\/\/halltech.webstaging.ca\/wp-content\/uploads\/2025\/05\/stopwatch-solid-svgrepo-com-1.svg\" alt=\"\">\n  <\/div>\n<\/div>\n\n\n\n<h2 class=\"wp-block-heading has-text-align-center has-bootstrap-dark-color has-text-color has-link-color has-medium-font-size wp-elements-594fbcea81bab0386723281f5d343163\">Permanent<\/h2>\n\n\n<\/div>\n\n\n<\/div>\n\n\n<div class=\"block-column col-12 col-md-6 col-lg-4\">\n  \n<div class=\"block-alignment-container center\">\n  \n<div class=\"block-icon\">\n  <div class=\"bg-linear-gradient\">\n    <img decoding=\"async\" src=\"https:\/\/halltech.webstaging.ca\/wp-content\/uploads\/2025\/05\/sticky-svgrepo-com.svg\" alt=\"\">\n  <\/div>\n<\/div>\n\n\n\n<h2 class=\"wp-block-heading has-text-align-center has-bootstrap-dark-color has-text-color has-link-color has-medium-font-size wp-elements-87ac2f3b4af4e8dfa8d6fd7e00372cfb\">Amovible \/ Pelable<\/h2>\n\n\n<\/div>\n\n\n<\/div>\n\n\n<div class=\"block-column col-12 col-md-6 col-lg-4\">\n  \n<div class=\"block-alignment-container center\">\n  \n<div class=\"block-icon\">\n  <div class=\"bg-linear-gradient\">\n    <img decoding=\"async\" src=\"https:\/\/halltech.webstaging.ca\/wp-content\/uploads\/2025\/05\/industry-svgrepo-com.svg\" alt=\"\">\n  <\/div>\n<\/div>\n\n\n\n<h2 class=\"wp-block-heading has-text-align-center has-bootstrap-dark-color has-text-color has-link-color has-medium-font-size wp-elements-fdfac6926d2de9255f2de32941fbfe8c\">Sp\u00e9cialit\u00e9<\/h2>\n\n\n<\/div>\n\n\n<\/div>\n\n\n<\/div>\n\n\n  <\/div>\n<\/section>\n\n\n<section class=\"block-container mb-5\">\n    <div class=\"container\">\n    \n<div class=\"row\">\n  \n<div class=\"block-column col-12 col-md-10 col-xl-8 offset-md-1 offset-xl-2\">\n  \n\n<h2 class=\"wp-block-heading has-text-align-center mb-3 has-bootstrap-primary-color has-text-color has-link-color wp-elements-4f8db15eb893124893dbef1a30b5d431\">Ressources<\/h2>\n\n\n<section class=\"documents-table mb-3\">\n    <table class=\"table align-middle\">\n      <tr>\n                  <th class=\"bg-primary text-light\">Nom du produit<\/th>\n                          <th class=\"bg-primary text-light text-end\">TDS<\/th>\n              <\/tr>\n              <tr>\n                      <td>TDS-001<\/td>\n                                <td class=\"text-end\"><a class=\"btn btn-sm btn-primary\" href=\"https:\/\/halltech.webstaging.ca\/wp-content\/uploads\/2025\/05\/TDS-Halltak-2586-V5.pdf\" target=\"_blank\">Voir \/ T\u00e9l\u00e9charger<\/a><\/td>\n                  <\/tr>\n              <tr>\n                      <td>TDS-002<\/td>\n                                <td class=\"text-end\"><a class=\"btn btn-sm btn-primary\" href=\"https:\/\/halltech.webstaging.ca\/wp-content\/uploads\/2025\/05\/TDS-HP-22-214.pdf\" target=\"_blank\">Voir \/ T\u00e9l\u00e9charger<\/a><\/td>\n                  <\/tr>\n              <tr>\n                      <td>TDS-003<\/td>\n                                <td class=\"text-end\"><a class=\"btn btn-sm btn-primary\" href=\"https:\/\/halltech.webstaging.ca\/wp-content\/uploads\/2025\/05\/TDS-HP-30-389.pdf\" target=\"_blank\">Voir \/ T\u00e9l\u00e9charger<\/a><\/td>\n                  <\/tr>\n          <\/table>\n  <\/section>\n\n\n<\/div>\n\n\n<\/div>\n\n\n  <\/div>\n<\/section>","protected":false},"excerpt":{"rendered":"","protected":false},"author":1,"featured_media":0,"parent":150,"menu_order":0,"comment_status":"closed","ping_status":"closed","template":"template-full-width.blade.php","meta":{"_acf_changed":false,"footnotes":""},"class_list":["post-157","page","type-page","status-publish","hentry"],"acf":[],"_links":{"self":[{"href":"https:\/\/halltech.webstaging.ca\/fr\/wp-json\/wp\/v2\/pages\/157","targetHints":{"allow":["GET"]}}],"collection":[{"href":"https:\/\/halltech.webstaging.ca\/fr\/wp-json\/wp\/v2\/pages"}],"about":[{"href":"https:\/\/halltech.webstaging.ca\/fr\/wp-json\/wp\/v2\/types\/page"}],"author":[{"embeddable":true,"href":"https:\/\/halltech.webstaging.ca\/fr\/wp-json\/wp\/v2\/users\/1"}],"replies":[{"embeddable":true,"href":"https:\/\/halltech.webstaging.ca\/fr\/wp-json\/wp\/v2\/comments?post=157"}],"version-history":[{"count":12,"href":"https:\/\/halltech.webstaging.ca\/fr\/wp-json\/wp\/v2\/pages\/157\/revisions"}],"predecessor-version":[{"id":192,"href":"https:\/\/halltech.webstaging.ca\/fr\/wp-json\/wp\/v2\/pages\/157\/revisions\/192"}],"up":[{"embeddable":true,"href":"https:\/\/halltech.webstaging.ca\/fr\/wp-json\/wp\/v2\/pages\/150"}],"wp:attachment":[{"href":"https:\/\/halltech.webstaging.ca\/fr\/wp-json\/wp\/v2\/media?parent=157"}],"curies":[{"name":"wp","href":"https:\/\/api.w.org\/{rel}","templated":true}]}}