{"id":150,"date":"2025-05-05T18:00:02","date_gmt":"2025-05-05T18:00:02","guid":{"rendered":"https:\/\/halltech.webstaging.ca\/?page_id=150"},"modified":"2025-05-05T19:19:32","modified_gmt":"2025-05-05T19:19:32","slug":"our-products","status":"publish","type":"page","link":"https:\/\/halltech.webstaging.ca\/fr\/our-products\/","title":{"rendered":"Nos produits"},"content":{"rendered":"<section class=\"block-container pt-5 pb-4\">\n    <div class=\"container\">\n    \n<div class=\"row\">\n  \n<div class=\"block-column col-12 col-md-10 col-xl-8 offset-md-1 offset-xl-2\">\n  \n\n<p class=\"has-text-align-center\">Halltech Inc. a pour objectif d&#039;\u00eatre le fournisseur de r\u00e9f\u00e9rence pour vos besoins en adh\u00e9sifs industriels et en \u00e9mulsions polym\u00e8res. Gr\u00e2ce \u00e0 notre expertise technique et \u00e0 notre capacit\u00e9 \u00e0 formuler des produits r\u00e9pondant aux exigences sp\u00e9cifiques de nos clients, nous sommes en mesure de servir un large \u00e9ventail d&#039;industries, notamment celles des peintures, des rev\u00eatements, des mastics, des adh\u00e9sifs, des textiles non tiss\u00e9s, du papier et du b\u00e2timent.<\/p>\n\n\n\n<p class=\"has-text-align-center\">En plus d&#039;une gamme de distribution d&#039;adh\u00e9sifs thermofusibles et d&#039;adh\u00e9sifs \u00e0 base de solvants, nous sommes s\u00fbrs d&#039;avoir une solution \u00e0 vos besoins.<\/p>\n\n\n\n<p class=\"has-text-align-center\">Notre engagement en mati\u00e8re de recherche et d\u00e9veloppement dynamique va au-del\u00e0 d&#039;une approche globale des besoins du march\u00e9\u00a0; nous nous concentrons \u00e9galement sur les exigences sp\u00e9cifiques de chaque client. Si nous n&#039;avons pas encore d\u00e9velopp\u00e9 le produit id\u00e9al pour votre application, nous nous efforcerons de le personnaliser pour r\u00e9pondre \u00e0 vos besoins.<\/p>\n\n\n\n<p class=\"has-text-align-center\">Vous pouvez compter sur nous pour vous fournir la meilleure \u00e9mulsion polym\u00e8re ou le meilleur adh\u00e9sif pour votre utilisation finale sp\u00e9cifique.<\/p>\n\n\n\n<p class=\"has-text-align-center\">Nous vous encourageons \u00e0 nous contacter pour plus d\u2019informations sur nos produits et sur la mani\u00e8re dont nous pouvons vous aider au mieux.<\/p>\n\n\n<div class=\"block-alignment-container center\">\n  \n<a class=\"btn btn-primary mb-3\" href=\"https:\/\/halltech.webstaging.ca\/wp-content\/uploads\/2025\/05\/Halltech-Brochure.pdf\" target=\"_blank\">Catalogue de produits<\/a>\n\n\n<\/div>\n\n\n<\/div>\n\n\n<\/div>\n\n\n  <\/div>\n<\/section>\n\n\n<section class=\"block-container pt-5 pb-5\">\n    <div class=\"container\">\n    \n<div class=\"row stripe-lg\">\n  \n<div class=\"block-column col-12 col-lg-4\">\n  \n<div class=\"block-alignment-container center\">\n  \n<div class=\"padding-container ps-2 pe-2\">\n  \n<div class=\"block-icon\">\n  <div class=\"bg-linear-gradient\">\n    <img decoding=\"async\" src=\"https:\/\/halltech.webstaging.ca\/wp-content\/themes\/halltech2025\/resources\/images\/icons\/flask-bubbly.svg\" alt=\"Flask Bubbly.\">\n  <\/div>\n<\/div>\n\n\n\n<h2 class=\"wp-block-heading has-bootstrap-dark-color has-text-color has-link-color has-medium-font-size wp-elements-52e503372946057b7432864fe9922302\">\u00c9mulsions de polym\u00e8res<\/h2>\n\n\n\n<p>Halltech est le partenaire de choix pour vos formulations personnalis\u00e9es d&#039;adh\u00e9sifs, de peintures et de rev\u00eatements.<\/p>\n\n\n<a class=\"btn btn-dark mb-3\" href=\"https:\/\/halltech.webstaging.ca\/fr\/our-products\/polymer-emulsions\/\" target=\"\">Explorez nos solutions<\/a>\n\n\n<\/div>\n\n\n<\/div>\n\n\n<\/div>\n\n\n<div class=\"block-column col-12 col-lg-4\">\n  \n<div class=\"block-alignment-container center\">\n  \n<div class=\"padding-container ps-2 pe-2\">\n  \n<div class=\"block-icon\">\n  <div class=\"bg-linear-gradient\">\n    <img decoding=\"async\" src=\"https:\/\/halltech.webstaging.ca\/wp-content\/themes\/halltech2025\/resources\/images\/icons\/tape.svg\" alt=\"Tape.\">\n  <\/div>\n<\/div>\n\n\n\n<h2 class=\"wp-block-heading has-bootstrap-dark-color has-text-color has-link-color has-medium-font-size wp-elements-7aa62f5a02bba3c93a930b9b8f467dbe\">Adh\u00e9sifs sensibles \u00e0 la pression<\/h2>\n\n\n\n<p>Halltech est le partenaire de choix pour vos formulations personnalis\u00e9es d&#039;adh\u00e9sifs, de peintures et de rev\u00eatements.<\/p>\n\n\n<a class=\"btn btn-dark mb-3\" href=\"https:\/\/halltech.webstaging.ca\/fr\/our-products\/pressure-sensative-adhesives\/\" target=\"\">Explorez nos solutions<\/a>\n\n\n<\/div>\n\n\n<\/div>\n\n\n<\/div>\n\n\n<div class=\"block-column col-12 col-lg-4\">\n  \n<div class=\"block-alignment-container center\">\n  \n<div class=\"padding-container ps-2 pe-2\">\n  \n<div class=\"block-icon\">\n  <div class=\"bg-linear-gradient\">\n    <img decoding=\"async\" src=\"https:\/\/halltech.webstaging.ca\/wp-content\/themes\/halltech2025\/resources\/images\/icons\/green.svg\" alt=\"Green Values.\">\n  <\/div>\n<\/div>\n\n\n\n<h2 class=\"wp-block-heading has-bootstrap-dark-color has-text-color has-link-color has-medium-font-size wp-elements-386b1f2bbe4278458a3dc86ba5d68320\">Adh\u00e9sifs industriels<\/h2>\n\n\n\n<p>Utilis\u00e9 dans une vari\u00e9t\u00e9 d\u2019industries, notamment la construction, la fabrication, l\u2019automobile et l\u2019emballage.&nbsp;<\/p>\n\n\n<a class=\"btn btn-dark mb-3\" href=\"https:\/\/halltech.webstaging.ca\/fr\/our-products\/industry-expertise\/\" target=\"\">Explorez nos solutions<\/a>\n\n\n<\/div>\n\n\n<\/div>\n\n\n<\/div>\n\n\n<\/div>\n\n\n  <\/div>\n<\/section>","protected":false},"excerpt":{"rendered":"","protected":false},"author":1,"featured_media":0,"parent":0,"menu_order":0,"comment_status":"closed","ping_status":"closed","template":"template-full-width.blade.php","meta":{"_acf_changed":false,"footnotes":""},"class_list":["post-150","page","type-page","status-publish","hentry"],"acf":[],"_links":{"self":[{"href":"https:\/\/halltech.webstaging.ca\/fr\/wp-json\/wp\/v2\/pages\/150","targetHints":{"allow":["GET"]}}],"collection":[{"href":"https:\/\/halltech.webstaging.ca\/fr\/wp-json\/wp\/v2\/pages"}],"about":[{"href":"https:\/\/halltech.webstaging.ca\/fr\/wp-json\/wp\/v2\/types\/page"}],"author":[{"embeddable":true,"href":"https:\/\/halltech.webstaging.ca\/fr\/wp-json\/wp\/v2\/users\/1"}],"replies":[{"embeddable":true,"href":"https:\/\/halltech.webstaging.ca\/fr\/wp-json\/wp\/v2\/comments?post=150"}],"version-history":[{"count":7,"href":"https:\/\/halltech.webstaging.ca\/fr\/wp-json\/wp\/v2\/pages\/150\/revisions"}],"predecessor-version":[{"id":227,"href":"https:\/\/halltech.webstaging.ca\/fr\/wp-json\/wp\/v2\/pages\/150\/revisions\/227"}],"wp:attachment":[{"href":"https:\/\/halltech.webstaging.ca\/fr\/wp-json\/wp\/v2\/media?parent=150"}],"curies":[{"name":"wp","href":"https:\/\/api.w.org\/{rel}","templated":true}]}}