{"id":14,"date":"2025-04-22T12:50:20","date_gmt":"2025-04-22T12:50:20","guid":{"rendered":"https:\/\/halltech.webstaging.ca\/?page_id=14"},"modified":"2025-05-05T19:19:03","modified_gmt":"2025-05-05T19:19:03","slug":"home","status":"publish","type":"page","link":"https:\/\/halltech.webstaging.ca\/fr\/","title":{"rendered":"Fabricant d&#039;\u00e9mulsions polym\u00e8res et d&#039;adh\u00e9sifs industriels"},"content":{"rendered":"<section class=\"block-container pt-3 pb-4\" style=\"background-image: url(&#039;https:\/\/halltech.webstaging.ca\/wp-content\/uploads\/2025\/04\/77a1c4c9d3b0e55ccee8deef24b44c8fa458745a-scaled.jpg&#039;);\" >\n    <div class=\"container\">\n    \n<div class=\"row align-items-center\">\n  \n<div class=\"block-column col-12 col-lg-6\">\n  \n\n<h2 class=\"wp-block-heading has-bootstrap-primary-color has-text-color has-link-color has-large-font-size wp-elements-49121fd074253ef993e194e6c6c733a9\">Polym\u00e8res \u00e0 base d&#039;eau con\u00e7us pour vous<\/h2>\n\n\n\n<p>Halltech Inc propose une large gamme de produits pour une vari\u00e9t\u00e9 de march\u00e9s et d&#039;applications.<\/p>\n\n\n<a class=\"btn btn-dark mb-3\" href=\"https:\/\/halltech.webstaging.ca\/fr\/about\/\" target=\"\">Notre expertise<\/a>\n\n\n<\/div>\n\n\n<div class=\"block-column col-12 col-lg-6 col-xl-5 offset-xl-1\">\n  \n<div class=\"block-alignment-container right\">\n  \n<div class=\"accent-image\">\n    <div>\n      <img loading=\"lazy\" decoding=\"async\" width=\"440\" height=\"440\" src=\"https:\/\/halltech.webstaging.ca\/wp-content\/uploads\/2025\/04\/accent-image-440x440.jpg\" class=\"attachment-halltech2025-accent-image size-halltech2025-accent-image\" alt=\"\" srcset=\"https:\/\/halltech.webstaging.ca\/wp-content\/uploads\/2025\/04\/accent-image-440x440.jpg 440w, https:\/\/halltech.webstaging.ca\/wp-content\/uploads\/2025\/04\/accent-image-150x150.jpg 150w, https:\/\/halltech.webstaging.ca\/wp-content\/uploads\/2025\/04\/accent-image-300x300.jpg 300w, https:\/\/halltech.webstaging.ca\/wp-content\/uploads\/2025\/04\/accent-image-768x768.jpg 768w, https:\/\/halltech.webstaging.ca\/wp-content\/uploads\/2025\/04\/accent-image.jpg 784w\" sizes=\"auto, (max-width: 440px) 100vw, 440px\" \/>\n    <\/div>\n  <\/div>\n\n\n<\/div>\n\n\n<\/div>\n\n\n<\/div>\n\n\n  <\/div>\n<\/section>\n\n\n<section class=\"block-container bg-primary pt-5 pb-5\" style=\"background:linear-gradient(0deg, rgba(214, 6, 6, 0.8), rgba(214, 6, 6, 0.8)), url(https:\/\/halltech.webstaging.ca\/wp-content\/uploads\/2025\/04\/e6c7642da0bf9ae8e5f3043f3bbdc71130756bd6.png);\" >\n    <div class=\"container\">\n    \n<div class=\"row\">\n  \n<div class=\"block-column col-12 col-md-10 col-lg-8 col-xl-6 offset-md-1 offset-lg-2 offset-xl-3\">\n  \n\n<h2 class=\"wp-block-heading has-text-align-center has-bootstrap-light-color has-text-color has-link-color wp-elements-667783bebc52e3f44c936c6c5f9b3dcd\" style=\"font-style:normal;font-weight:300\">Halltech Inc est votre partenaire tout au long du processus de d\u00e9veloppement.<\/h2>\n\n\n\n<p class=\"has-text-align-center mb-0 has-bootstrap-light-color has-text-color has-link-color has-large-font-size wp-elements-048a61d29ff6f891c810c43fc7f63743\" style=\"font-style:normal;font-weight:300\">Avec plus de 60 ans d&#039;exp\u00e9rience en tant que fabricants de polym\u00e8res dans la fabrication de polym\u00e8res en \u00e9mulsion \u00e0 base d&#039;eau.<\/p>\n\n\n<\/div>\n\n\n<\/div>\n\n\n  <\/div>\n<\/section>\n\n\n<section class=\"block-container pt-5 pb-5\">\n    <div class=\"container\">\n    \n<div class=\"row stripe-lg\">\n  \n<div class=\"block-column col-12 col-lg-4\">\n  \n<div class=\"block-alignment-container center\">\n  \n<div class=\"padding-container ps-2 pe-2\">\n  \n<div class=\"block-icon\">\n  <div class=\"bg-linear-gradient\">\n    <img decoding=\"async\" src=\"https:\/\/halltech.webstaging.ca\/wp-content\/themes\/halltech2025\/resources\/images\/icons\/flask-bubbly.svg\" alt=\"Flask Bubbly.\">\n  <\/div>\n<\/div>\n\n\n\n<h2 class=\"wp-block-heading has-bootstrap-dark-color has-text-color has-link-color has-medium-font-size wp-elements-52e503372946057b7432864fe9922302\">\u00c9mulsions de polym\u00e8res<\/h2>\n\n\n\n<p>Halltech est le partenaire de choix pour vos formulations personnalis\u00e9es d&#039;adh\u00e9sifs, de peintures et de rev\u00eatements.<\/p>\n\n\n<a class=\"btn btn-dark mb-3\" href=\"https:\/\/halltech.webstaging.ca\/fr\/our-products\/polymer-emulsions\/\" target=\"\">Explorez nos solutions<\/a>\n\n\n<\/div>\n\n\n<\/div>\n\n\n<\/div>\n\n\n<div class=\"block-column col-12 col-lg-4\">\n  \n<div class=\"block-alignment-container center\">\n  \n<div class=\"padding-container ps-2 pe-2\">\n  \n<div class=\"block-icon\">\n  <div class=\"bg-linear-gradient\">\n    <img decoding=\"async\" src=\"https:\/\/halltech.webstaging.ca\/wp-content\/themes\/halltech2025\/resources\/images\/icons\/tape.svg\" alt=\"Tape.\">\n  <\/div>\n<\/div>\n\n\n\n<h2 class=\"wp-block-heading has-bootstrap-dark-color has-text-color has-link-color has-medium-font-size wp-elements-7aa62f5a02bba3c93a930b9b8f467dbe\">Adh\u00e9sifs sensibles \u00e0 la pression<\/h2>\n\n\n\n<p>Halltech est le partenaire de choix pour vos formulations personnalis\u00e9es d&#039;adh\u00e9sifs, de peintures et de rev\u00eatements.<\/p>\n\n\n<a class=\"btn btn-dark mb-3\" href=\"https:\/\/halltech.webstaging.ca\/fr\/our-products\/pressure-sensative-adhesives\/\" target=\"\">Explorez nos solutions<\/a>\n\n\n<\/div>\n\n\n<\/div>\n\n\n<\/div>\n\n\n<div class=\"block-column col-12 col-lg-4\">\n  \n<div class=\"block-alignment-container center\">\n  \n<div class=\"padding-container ps-2 pe-2\">\n  \n<div class=\"block-icon\">\n  <div class=\"bg-linear-gradient\">\n    <img decoding=\"async\" src=\"https:\/\/halltech.webstaging.ca\/wp-content\/themes\/halltech2025\/resources\/images\/icons\/green.svg\" alt=\"Green Values.\">\n  <\/div>\n<\/div>\n\n\n\n<h2 class=\"wp-block-heading has-bootstrap-dark-color has-text-color has-link-color has-medium-font-size wp-elements-386b1f2bbe4278458a3dc86ba5d68320\">Adh\u00e9sifs industriels<\/h2>\n\n\n\n<p>Utilis\u00e9 dans une vari\u00e9t\u00e9 d\u2019industries, notamment la construction, la fabrication, l\u2019automobile et l\u2019emballage.&nbsp;<\/p>\n\n\n<a class=\"btn btn-dark mb-3\" href=\"https:\/\/halltech.webstaging.ca\/fr\/our-products\/industry-expertise\/\" target=\"\">Explorez nos solutions<\/a>\n\n\n<\/div>\n\n\n<\/div>\n\n\n<\/div>\n\n\n<\/div>\n\n\n  <\/div>\n<\/section>\n\n\n<section class=\"block-container pt-4 pb-4\">\n    <div class=\"container\">\n    \n<div class=\"row align-items-center\">\n  \n<div class=\"block-column col-12 col-lg-6\">\n  \n\n<h2 class=\"wp-block-heading mb-4 has-bootstrap-primary-color has-text-color has-link-color has-medium-font-size wp-elements-b5735b1d94bd527ce85776d89b5f6089\">Applications des \u00e9mulsions polym\u00e8res<\/h2>\n\n\n<div class=\"row\">\n  \n<div class=\"block-column col-12 col-md-6\">\n  \n\n<ul class=\"wp-block-list\">\n<li>Compos\u00e9s de ciment pour joints<\/li>\n\n\n\n<li>Peintures architecturales<\/li>\n\n\n\n<li>Peintures architecturales \u00e0 faible teneur en COV<\/li>\n\n\n\n<li>Appr\u00eat pour b\u00e9ton<\/li>\n\n\n\n<li>Rev\u00eatements intumescents<\/li>\n<\/ul>\n\n\n<\/div>\n\n\n<div class=\"block-column col-12 col-md-6\">\n  \n\n<ul class=\"wp-block-list\">\n<li>Rev\u00eatements de pavage et de pav\u00e9s autobloquants<\/li>\n\n\n\n<li>Rev\u00eatements muraux \u00e9lastom\u00e8res<\/li>\n\n\n\n<li>Applications de toiture et de barri\u00e8re<\/li>\n\n\n\n<li>Cartons et rev\u00eatements de ma\u00e7onnerie<\/li>\n\n\n\n<li>Adh\u00e9sif pour carrelage en c\u00e9ramique<\/li>\n<\/ul>\n\n\n<\/div>\n\n\n<\/div>\n\n\n<\/div>\n\n\n<div class=\"block-column col-12 col-lg-6\">\n  \n\n<figure class=\"wp-block-image size-large is-resized\"><img loading=\"lazy\" decoding=\"async\" width=\"1024\" height=\"512\" src=\"https:\/\/halltech.webstaging.ca\/wp-content\/uploads\/2025\/04\/6c5bd7043831739107847a5a01d0142151bd5e12-1024x512.png\" alt=\"\" class=\"wp-image-89\" style=\"object-fit:contain;width:652px;height:300px\" srcset=\"https:\/\/halltech.webstaging.ca\/wp-content\/uploads\/2025\/04\/6c5bd7043831739107847a5a01d0142151bd5e12-1024x512.png 1024w, https:\/\/halltech.webstaging.ca\/wp-content\/uploads\/2025\/04\/6c5bd7043831739107847a5a01d0142151bd5e12-300x150.png 300w, https:\/\/halltech.webstaging.ca\/wp-content\/uploads\/2025\/04\/6c5bd7043831739107847a5a01d0142151bd5e12-768x384.png 768w, https:\/\/halltech.webstaging.ca\/wp-content\/uploads\/2025\/04\/6c5bd7043831739107847a5a01d0142151bd5e12-440x220.png 440w, https:\/\/halltech.webstaging.ca\/wp-content\/uploads\/2025\/04\/6c5bd7043831739107847a5a01d0142151bd5e12.png 1536w\" sizes=\"auto, (max-width: 1024px) 100vw, 1024px\" \/><\/figure>\n\n\n<\/div>\n\n\n<\/div>\n\n\n  <\/div>\n<\/section>","protected":false},"excerpt":{"rendered":"","protected":false},"author":1,"featured_media":39,"parent":0,"menu_order":0,"comment_status":"closed","ping_status":"closed","template":"template-full-width.blade.php","meta":{"_acf_changed":false,"footnotes":""},"class_list":["post-14","page","type-page","status-publish","has-post-thumbnail","hentry"],"acf":[],"_links":{"self":[{"href":"https:\/\/halltech.webstaging.ca\/fr\/wp-json\/wp\/v2\/pages\/14","targetHints":{"allow":["GET"]}}],"collection":[{"href":"https:\/\/halltech.webstaging.ca\/fr\/wp-json\/wp\/v2\/pages"}],"about":[{"href":"https:\/\/halltech.webstaging.ca\/fr\/wp-json\/wp\/v2\/types\/page"}],"author":[{"embeddable":true,"href":"https:\/\/halltech.webstaging.ca\/fr\/wp-json\/wp\/v2\/users\/1"}],"replies":[{"embeddable":true,"href":"https:\/\/halltech.webstaging.ca\/fr\/wp-json\/wp\/v2\/comments?post=14"}],"version-history":[{"count":44,"href":"https:\/\/halltech.webstaging.ca\/fr\/wp-json\/wp\/v2\/pages\/14\/revisions"}],"predecessor-version":[{"id":226,"href":"https:\/\/halltech.webstaging.ca\/fr\/wp-json\/wp\/v2\/pages\/14\/revisions\/226"}],"wp:featuredmedia":[{"embeddable":true,"href":"https:\/\/halltech.webstaging.ca\/fr\/wp-json\/wp\/v2\/media\/39"}],"wp:attachment":[{"href":"https:\/\/halltech.webstaging.ca\/fr\/wp-json\/wp\/v2\/media?parent=14"}],"curies":[{"name":"wp","href":"https:\/\/api.w.org\/{rel}","templated":true}]}}